{"id":990,"date":"2021-03-03T11:42:15","date_gmt":"2021-03-03T11:42:15","guid":{"rendered":"https:\/\/grupsa.fr\/?page_id=990"},"modified":"2021-03-03T11:42:15","modified_gmt":"2021-03-03T11:42:15","slug":"service-apres-vente","status":"publish","type":"page","link":"https:\/\/grupsa.fr\/index.php\/service-apres-vente\/","title":{"rendered":"Service Apr\u00e9s-Vente"},"content":{"rendered":"<div id=\"pl-990\"  class=\"panel-layout\" ><div id=\"pg-990-0\"  class=\"panel-grid panel-no-style\" ><div id=\"pgc-990-0-0\"  class=\"panel-grid-cell\" ><div id=\"panel-990-0-0-0\" class=\"so-panel widget widget_themegrill_flash_image tg-widget tg-image-widget panel-first-child\" data-index=\"0\" >\t<img decoding=\"async\" src=\"https:\/\/grupsa.com\/wp-content\/uploads\/2020\/02\/postventa.jpg\" \/>\n<\/div><div id=\"panel-990-0-0-1\" class=\"so-panel widget widget_themegrill_flash_heading tg-widget section-title-wrapper\" data-index=\"1\" >\t<h3 class=\"section-title\">Service technique et apr\u00e8s-vente<\/h3>\n\t<div class=\"section-description\">Syst\u00e8mes de portes automatiques<\/div>\n<\/div><div id=\"panel-990-0-0-2\" class=\"so-panel widget widget_text\" data-index=\"2\" >\t\t\t<div class=\"textwidget\"><p>Grupsa dispose d&#8217;\u00e9quipes techniques 100% form\u00e9es, form\u00e9es \u00e0 la philosophie d&#8217;un fabricant de syst\u00e8mes de portes automatiques. Notre service d&#8217;assistance technique couvre une large gamme de portes automatiques et manuelles: h\u00f4pital herm\u00e9tique, pivotante, battante, coulissante automatique, coulissante courbe et droite, etc.<\/p>\n<div id=\"pg-9764-2\" class=\"panel-grid panel-has-style\">\n<div class=\"panel-row-style panel-row-style-for-9764-2\" data-overlay-opactity=\"1\">\n<div id=\"pgc-9764-2-0\" class=\"panel-grid-cell\">\n<div id=\"panel-9764-2-0-0\" class=\"so-panel widget widget_sow-editor panel-first-child panel-last-child\" data-index=\"6\">\n<div class=\"so-widget-sow-editor so-widget-sow-editor-base\">\n<div class=\"siteorigin-widget-tinymce textwidget\">\n<p>Le service apr\u00e8s-vente est \u00e9tendu \u00e0 nos distributeurs internationaux, avec une assistance t\u00e9l\u00e9phonique et la gestion des pi\u00e8ces de rechange. Toujours aux c\u00f4t\u00e9s de nos clients et distributeurs pour conserver les avantages d&#8217;un leader des syst\u00e8mes de portes, en apportant un soin optimal qui prolonge l&#8217;investissement et optimise le fonctionnement des produits install\u00e9s.<\/p>\n<\/div>\n<\/div>\n<\/div>\n<\/div>\n<\/div>\n<\/div>\n<\/div>\n\t\t<\/div><div id=\"panel-990-0-0-3\" class=\"widget_text so-panel widget widget_custom_html panel-last-child\" data-index=\"3\" ><h3 class=\"widget-title\">NOUS CONTACTER<\/h3><div class=\"textwidget custom-html-widget\"><iframe frameborder=\"0\" style=\"height:1070px;width:97%;border:none;\" src='https:\/\/forms.zohopublic.eu\/grupsa\/form\/Grupsafr\/formperma\/TIzLukrPzt49-p6FwCkV5qUoYCWwNOpn4kz0JMIh7S4'><\/iframe><\/div><\/div><\/div><\/div><\/div>","protected":false},"excerpt":{"rendered":"<p>Grupsa dispose d&#8217;\u00e9quipes techniques 100% form\u00e9es, form\u00e9es \u00e0 la philosophie d&#8217;un fabricant de syst\u00e8mes de portes automatiques. Notre service d&#8217;assistance [&hellip;]<\/p>\n","protected":false},"author":1,"featured_media":0,"parent":0,"menu_order":0,"comment_status":"closed","ping_status":"closed","template":"","meta":{"footnotes":""},"class_list":["post-990","page","type-page","status-publish","hentry"],"yoast_head":"<!-- This site is optimized with the Yoast SEO plugin v24.9 - https:\/\/yoast.com\/wordpress\/plugins\/seo\/ -->\n<title>Service Apr\u00e9s-Vente - Grupsa Doors Systems France<\/title>\n<meta name=\"robots\" content=\"index, follow, max-snippet:-1, max-image-preview:large, max-video-preview:-1\" \/>\n<link rel=\"canonical\" href=\"https:\/\/grupsa.fr\/index.php\/service-apres-vente\/\" \/>\n<meta property=\"og:locale\" content=\"es_ES\" \/>\n<meta property=\"og:type\" content=\"article\" \/>\n<meta property=\"og:title\" content=\"Service Apr\u00e9s-Vente - Grupsa Doors Systems France\" \/>\n<meta property=\"og:description\" content=\"Grupsa dispose d&#039;\u00e9quipes techniques 100% form\u00e9es, form\u00e9es \u00e0 la philosophie d&#039;un fabricant de syst\u00e8mes de portes automatiques. Notre service d&#039;assistance [&hellip;]\" \/>\n<meta property=\"og:url\" content=\"https:\/\/grupsa.fr\/index.php\/service-apres-vente\/\" \/>\n<meta property=\"og:site_name\" content=\"Grupsa Doors Systems France\" \/>\n<meta name=\"twitter:card\" content=\"summary_large_image\" \/>\n<meta name=\"twitter:label1\" content=\"Tiempo de lectura\" \/>\n\t<meta name=\"twitter:data1\" content=\"1 minuto\" \/>\n<script type=\"application\/ld+json\" class=\"yoast-schema-graph\">{\"@context\":\"https:\/\/schema.org\",\"@graph\":[{\"@type\":\"WebPage\",\"@id\":\"https:\/\/grupsa.fr\/index.php\/service-apres-vente\/\",\"url\":\"https:\/\/grupsa.fr\/index.php\/service-apres-vente\/\",\"name\":\"Service Apr\u00e9s-Vente - Grupsa Doors Systems France\",\"isPartOf\":{\"@id\":\"https:\/\/grupsa.fr\/#website\"},\"datePublished\":\"2021-03-03T11:42:15+00:00\",\"breadcrumb\":{\"@id\":\"https:\/\/grupsa.fr\/index.php\/service-apres-vente\/#breadcrumb\"},\"inLanguage\":\"es\",\"potentialAction\":[{\"@type\":\"ReadAction\",\"target\":[\"https:\/\/grupsa.fr\/index.php\/service-apres-vente\/\"]}]},{\"@type\":\"BreadcrumbList\",\"@id\":\"https:\/\/grupsa.fr\/index.php\/service-apres-vente\/#breadcrumb\",\"itemListElement\":[{\"@type\":\"ListItem\",\"position\":1,\"name\":\"Portada\",\"item\":\"https:\/\/grupsa.fr\/\"},{\"@type\":\"ListItem\",\"position\":2,\"name\":\"Service Apr\u00e9s-Vente\"}]},{\"@type\":\"WebSite\",\"@id\":\"https:\/\/grupsa.fr\/#website\",\"url\":\"https:\/\/grupsa.fr\/\",\"name\":\"Grupsa Doors Systems France\",\"description\":\"Fabricants de syst\u00e8mes de portes tournantes, portes automatiques, portes \u00e9tanches, ICU et autres installations pour salles d&#039;op\u00e9ration et syst\u00e8mes APG \/ PSD pour bus (BRT) et moyens de transport.\",\"publisher\":{\"@id\":\"https:\/\/grupsa.fr\/#organization\"},\"potentialAction\":[{\"@type\":\"SearchAction\",\"target\":{\"@type\":\"EntryPoint\",\"urlTemplate\":\"https:\/\/grupsa.fr\/?s={search_term_string}\"},\"query-input\":{\"@type\":\"PropertyValueSpecification\",\"valueRequired\":true,\"valueName\":\"search_term_string\"}}],\"inLanguage\":\"es\"},{\"@type\":\"Organization\",\"@id\":\"https:\/\/grupsa.fr\/#organization\",\"name\":\"Grupsa Doors Systems France\",\"url\":\"https:\/\/grupsa.fr\/\",\"logo\":{\"@type\":\"ImageObject\",\"inLanguage\":\"es\",\"@id\":\"https:\/\/grupsa.fr\/#\/schema\/logo\/image\/\",\"url\":\"https:\/\/grupsa.fr\/wp-content\/uploads\/2021\/03\/cropped-cropped-Grpusa-France-e1614588878665-1-e1614595037852.png\",\"contentUrl\":\"https:\/\/grupsa.fr\/wp-content\/uploads\/2021\/03\/cropped-cropped-Grpusa-France-e1614588878665-1-e1614595037852.png\",\"width\":125,\"height\":87,\"caption\":\"Grupsa Doors Systems France\"},\"image\":{\"@id\":\"https:\/\/grupsa.fr\/#\/schema\/logo\/image\/\"}}]}<\/script>\n<!-- \/ Yoast SEO plugin. -->","yoast_head_json":{"title":"Service Apr\u00e9s-Vente - Grupsa Doors Systems France","robots":{"index":"index","follow":"follow","max-snippet":"max-snippet:-1","max-image-preview":"max-image-preview:large","max-video-preview":"max-video-preview:-1"},"canonical":"https:\/\/grupsa.fr\/index.php\/service-apres-vente\/","og_locale":"es_ES","og_type":"article","og_title":"Service Apr\u00e9s-Vente - Grupsa Doors Systems France","og_description":"Grupsa dispose d'\u00e9quipes techniques 100% form\u00e9es, form\u00e9es \u00e0 la philosophie d'un fabricant de syst\u00e8mes de portes automatiques. Notre service d'assistance [&hellip;]","og_url":"https:\/\/grupsa.fr\/index.php\/service-apres-vente\/","og_site_name":"Grupsa Doors Systems France","twitter_card":"summary_large_image","twitter_misc":{"Tiempo de lectura":"1 minuto"},"schema":{"@context":"https:\/\/schema.org","@graph":[{"@type":"WebPage","@id":"https:\/\/grupsa.fr\/index.php\/service-apres-vente\/","url":"https:\/\/grupsa.fr\/index.php\/service-apres-vente\/","name":"Service Apr\u00e9s-Vente - Grupsa Doors Systems France","isPartOf":{"@id":"https:\/\/grupsa.fr\/#website"},"datePublished":"2021-03-03T11:42:15+00:00","breadcrumb":{"@id":"https:\/\/grupsa.fr\/index.php\/service-apres-vente\/#breadcrumb"},"inLanguage":"es","potentialAction":[{"@type":"ReadAction","target":["https:\/\/grupsa.fr\/index.php\/service-apres-vente\/"]}]},{"@type":"BreadcrumbList","@id":"https:\/\/grupsa.fr\/index.php\/service-apres-vente\/#breadcrumb","itemListElement":[{"@type":"ListItem","position":1,"name":"Portada","item":"https:\/\/grupsa.fr\/"},{"@type":"ListItem","position":2,"name":"Service Apr\u00e9s-Vente"}]},{"@type":"WebSite","@id":"https:\/\/grupsa.fr\/#website","url":"https:\/\/grupsa.fr\/","name":"Grupsa Doors Systems France","description":"Fabricants de syst\u00e8mes de portes tournantes, portes automatiques, portes \u00e9tanches, ICU et autres installations pour salles d&#039;op\u00e9ration et syst\u00e8mes APG \/ PSD pour bus (BRT) et moyens de transport.","publisher":{"@id":"https:\/\/grupsa.fr\/#organization"},"potentialAction":[{"@type":"SearchAction","target":{"@type":"EntryPoint","urlTemplate":"https:\/\/grupsa.fr\/?s={search_term_string}"},"query-input":{"@type":"PropertyValueSpecification","valueRequired":true,"valueName":"search_term_string"}}],"inLanguage":"es"},{"@type":"Organization","@id":"https:\/\/grupsa.fr\/#organization","name":"Grupsa Doors Systems France","url":"https:\/\/grupsa.fr\/","logo":{"@type":"ImageObject","inLanguage":"es","@id":"https:\/\/grupsa.fr\/#\/schema\/logo\/image\/","url":"https:\/\/grupsa.fr\/wp-content\/uploads\/2021\/03\/cropped-cropped-Grpusa-France-e1614588878665-1-e1614595037852.png","contentUrl":"https:\/\/grupsa.fr\/wp-content\/uploads\/2021\/03\/cropped-cropped-Grpusa-France-e1614588878665-1-e1614595037852.png","width":125,"height":87,"caption":"Grupsa Doors Systems France"},"image":{"@id":"https:\/\/grupsa.fr\/#\/schema\/logo\/image\/"}}]}},"_links":{"self":[{"href":"https:\/\/grupsa.fr\/index.php\/wp-json\/wp\/v2\/pages\/990","targetHints":{"allow":["GET"]}}],"collection":[{"href":"https:\/\/grupsa.fr\/index.php\/wp-json\/wp\/v2\/pages"}],"about":[{"href":"https:\/\/grupsa.fr\/index.php\/wp-json\/wp\/v2\/types\/page"}],"author":[{"embeddable":true,"href":"https:\/\/grupsa.fr\/index.php\/wp-json\/wp\/v2\/users\/1"}],"replies":[{"embeddable":true,"href":"https:\/\/grupsa.fr\/index.php\/wp-json\/wp\/v2\/comments?post=990"}],"version-history":[{"count":2,"href":"https:\/\/grupsa.fr\/index.php\/wp-json\/wp\/v2\/pages\/990\/revisions"}],"predecessor-version":[{"id":992,"href":"https:\/\/grupsa.fr\/index.php\/wp-json\/wp\/v2\/pages\/990\/revisions\/992"}],"wp:attachment":[{"href":"https:\/\/grupsa.fr\/index.php\/wp-json\/wp\/v2\/media?parent=990"}],"curies":[{"name":"wp","href":"https:\/\/api.w.org\/{rel}","templated":true}]}}