{"id":965,"date":"2021-03-03T10:47:27","date_gmt":"2021-03-03T10:47:27","guid":{"rendered":"https:\/\/grupsa.fr\/?page_id=965"},"modified":"2021-03-03T10:51:10","modified_gmt":"2021-03-03T10:51:10","slug":"systemes-de-portes-automatiques-de-quai","status":"publish","type":"page","link":"https:\/\/grupsa.fr\/index.php\/gammes-de-produits\/systemes-de-portes-automatiques-de-quai\/","title":{"rendered":"Syst\u00e8mes de Portes Automatiques de Quai"},"content":{"rendered":"<div id=\"pl-965\"  class=\"panel-layout\" ><div id=\"pg-965-0\"  class=\"panel-grid panel-no-style\" ><div id=\"pgc-965-0-0\"  class=\"panel-grid-cell\" ><div id=\"panel-965-0-0-0\" class=\"so-panel widget widget_themegrill_flash_image tg-widget tg-image-widget panel-first-child\" data-index=\"0\" >\t<img decoding=\"async\" src=\"https:\/\/grupsa.fr\/wp-content\/uploads\/2021\/03\/Screen-System.jpg\" \/>\n<\/div><div id=\"panel-965-0-0-1\" class=\"so-panel widget widget_themegrill_flash_heading tg-widget section-title-wrapper\" data-index=\"1\" ><div class=\"flash_inherit_color panel-widget-style panel-widget-style-for-965-0-0-1\" >\t<h3 class=\"section-title\">Screen System<\/h3>\n\t<div class=\"section-description\">Syst\u00e8mes de Portes Automatiques de Quai<\/div>\n<\/div><\/div><div id=\"panel-965-0-0-2\" class=\"so-panel widget widget_text\" data-index=\"2\" >\t\t\t<div class=\"textwidget\"><p><strong>Screen System<\/strong>\u00a0est notre gamme de syst\u00e8mes de\u00a0<strong>Portes Automatiques \u00e0 plate-forme pour les terminaux de transport de masse:<\/strong>\u00a0bus (BHNS), m\u00e9tro, tramway et train. Gr\u00e2ce \u00e0 des \u00e9crans vitr\u00e9s qui s\u00e9parent la plate-forme des rails, les portes de la plate-forme ne s\u2019ouvrent que lorsque le v\u00e9hicule est correctement stationn\u00e9. Cela garantit une utilisation efficace, rapide et s\u00fbre dans les stations de m\u00e9tro, de tramway ou de bus, en \u00e9vitant les chutes ou les abus.<\/p>\n<ul>\n<li style=\"list-style-type: none;\">\n<ul>\n<li>Ils garantissent la\u00a0<strong>s\u00e9curit\u00e9 des utilisateurs<\/strong>, permettent une plus grande utilisation de la plateforme et optimisent le passage des voyageurs.<\/li>\n<li>Ils am\u00e9liorent\u00a0<strong>l\u2019efficacit\u00e9 \u00e9nerg\u00e9tique<\/strong>\u00a0de la station, car ils optimisent la climatisation<\/li>\n<li><strong>Entretien facile<\/strong>\u00a0et longue dur\u00e9e de vie du produit<\/li>\n<li>Ils sont conformes aux normes internationales pour les trains de niveau SIL 3 et SIL 4.<\/li>\n<\/ul>\n<\/li>\n<\/ul>\n<p>Son syst\u00e8me de contr\u00f4le et de surveillance GRUSCADA permet de g\u00e9rer \u00e0 distance et en temps r\u00e9el les ouvertures, l\u2019\u00e9tat et les besoins d\u2019entretien de toutes les portes.Ils peuvent \u00eatre fabriqu\u00e9s en diff\u00e9rents mat\u00e9riaux et permettre l\u2019int\u00e9gration de signes corporatifs ou s\u00e9rigraphies. Diff\u00e9rents types:<\/p>\n<ul>\n<li style=\"list-style-type: none;\">\n<ul>\n<li>Les\u00a0<strong>Syst\u00e8mes de plate-forme PSD<\/strong>\u00a0<strong>(Platform Screen Doors)<\/strong>\u00a0sont des \u00e9crans vitr\u00e9s du sol au plafond bas\u00e9s sur des portes coulissantes automatiques qui se synchronisent avec le v\u00e9hicule lorsqu\u2019il est correctement stationn\u00e9, garantissant la s\u00e9curit\u00e9 des utilisateurs.<\/li>\n<li>Les\u00a0<strong>Syst\u00e8mes de plate-forme APG (Automatic Platform Gates)<\/strong>\u00a0sont des portes automatiques bas\u00e9es sur des \u00e9crans \u00e0 mi-hauteur (jusqu\u2019\u00e0 1,7 m) qui se synchronisent avec le v\u00e9hicule lorsqu\u2019il est correctement stationn\u00e9.<\/li>\n<\/ul>\n<\/li>\n<\/ul>\n<\/div>\n\t\t<\/div><div id=\"panel-965-0-0-3\" class=\"widget_text so-panel widget widget_custom_html panel-last-child\" data-index=\"3\" ><div class=\"textwidget custom-html-widget\"><a id=\"boton\" href=\"https:\/\/workdrive.zohopublic.eu\/external\/SRSjXvbEoh-lU0Qq7\">Voir catalogue<\/a>\n<\/div><\/div><\/div><\/div><div id=\"pg-965-1\"  class=\"panel-grid panel-has-style\" ><div class=\"panel-row-style panel-row-style-for-965-1\" ><div id=\"pgc-965-1-0\"  class=\"panel-grid-cell\" ><div id=\"panel-965-1-0-0\" class=\"so-panel widget widget_themegrill_flash_image tg-widget tg-image-widget panel-first-child panel-last-child\" data-index=\"4\" >\t<img decoding=\"async\" src=\"https:\/\/grupsa.fr\/wp-content\/uploads\/2021\/03\/Platform-Screen-Doors.jpg\" \/>\n<\/div><\/div><div id=\"pgc-965-1-1\"  class=\"panel-grid-cell panel-grid-cell-empty\" ><\/div><div id=\"pgc-965-1-2\"  class=\"panel-grid-cell panel-grid-cell-mobile-last\" ><div id=\"panel-965-1-2-0\" class=\"so-panel widget widget_themegrill_flash_image tg-widget tg-image-widget panel-first-child panel-last-child\" data-index=\"5\" >\t<img decoding=\"async\" src=\"https:\/\/grupsa.fr\/wp-content\/uploads\/2021\/03\/Automatic-Platform-Gates.jpg\" \/>\n<\/div><\/div><div id=\"pgc-965-1-3\"  class=\"panel-grid-cell panel-grid-cell-empty\" ><\/div><\/div><\/div><\/div>","protected":false},"excerpt":{"rendered":"<p>Screen System\u00a0est notre gamme de syst\u00e8mes de\u00a0Portes Automatiques \u00e0 plate-forme pour les terminaux de transport de masse:\u00a0bus (BHNS), m\u00e9tro, tramway [&hellip;]<\/p>\n","protected":false},"author":1,"featured_media":0,"parent":801,"menu_order":6,"comment_status":"closed","ping_status":"closed","template":"","meta":{"footnotes":""},"class_list":["post-965","page","type-page","status-publish","hentry"],"yoast_head":"<!-- This site is optimized with the Yoast SEO plugin v24.9 - https:\/\/yoast.com\/wordpress\/plugins\/seo\/ -->\n<title>Syst\u00e8mes de Portes Automatiques de Quai - Grupsa Doors Systems France<\/title>\n<meta name=\"description\" content=\"Screen System est notre gamme de syst\u00e8mes de Portes Automatiques \u00e0 plate-forme pour les terminaux de transport de masse: bus (BHNS), m\u00e9tro, tramway et train.\" \/>\n<meta name=\"robots\" content=\"index, follow, max-snippet:-1, max-image-preview:large, max-video-preview:-1\" \/>\n<link rel=\"canonical\" href=\"https:\/\/grupsa.fr\/index.php\/gammes-de-produits\/systemes-de-portes-automatiques-de-quai\/\" \/>\n<meta property=\"og:locale\" content=\"es_ES\" \/>\n<meta property=\"og:type\" content=\"article\" \/>\n<meta property=\"og:title\" content=\"Syst\u00e8mes de Portes Automatiques de Quai - Grupsa Doors Systems France\" \/>\n<meta property=\"og:description\" content=\"Screen System est notre gamme de syst\u00e8mes de Portes Automatiques \u00e0 plate-forme pour les terminaux de transport de masse: bus (BHNS), m\u00e9tro, tramway et train.\" \/>\n<meta property=\"og:url\" content=\"https:\/\/grupsa.fr\/index.php\/gammes-de-produits\/systemes-de-portes-automatiques-de-quai\/\" \/>\n<meta property=\"og:site_name\" content=\"Grupsa Doors Systems France\" \/>\n<meta property=\"article:modified_time\" content=\"2021-03-03T10:51:10+00:00\" \/>\n<meta name=\"twitter:card\" content=\"summary_large_image\" \/>\n<meta name=\"twitter:label1\" content=\"Tiempo de lectura\" \/>\n\t<meta name=\"twitter:data1\" content=\"1 minuto\" \/>\n<script type=\"application\/ld+json\" class=\"yoast-schema-graph\">{\"@context\":\"https:\/\/schema.org\",\"@graph\":[{\"@type\":\"WebPage\",\"@id\":\"https:\/\/grupsa.fr\/index.php\/gammes-de-produits\/systemes-de-portes-automatiques-de-quai\/\",\"url\":\"https:\/\/grupsa.fr\/index.php\/gammes-de-produits\/systemes-de-portes-automatiques-de-quai\/\",\"name\":\"Syst\u00e8mes de Portes Automatiques de Quai - Grupsa Doors Systems France\",\"isPartOf\":{\"@id\":\"https:\/\/grupsa.fr\/#website\"},\"datePublished\":\"2021-03-03T10:47:27+00:00\",\"dateModified\":\"2021-03-03T10:51:10+00:00\",\"description\":\"Screen System est notre gamme de syst\u00e8mes de Portes Automatiques \u00e0 plate-forme pour les terminaux de transport de masse: bus (BHNS), m\u00e9tro, tramway et train.\",\"breadcrumb\":{\"@id\":\"https:\/\/grupsa.fr\/index.php\/gammes-de-produits\/systemes-de-portes-automatiques-de-quai\/#breadcrumb\"},\"inLanguage\":\"es\",\"potentialAction\":[{\"@type\":\"ReadAction\",\"target\":[\"https:\/\/grupsa.fr\/index.php\/gammes-de-produits\/systemes-de-portes-automatiques-de-quai\/\"]}]},{\"@type\":\"BreadcrumbList\",\"@id\":\"https:\/\/grupsa.fr\/index.php\/gammes-de-produits\/systemes-de-portes-automatiques-de-quai\/#breadcrumb\",\"itemListElement\":[{\"@type\":\"ListItem\",\"position\":1,\"name\":\"Portada\",\"item\":\"https:\/\/grupsa.fr\/\"},{\"@type\":\"ListItem\",\"position\":2,\"name\":\"Gammes de produits\",\"item\":\"https:\/\/grupsa.fr\/index.php\/gammes-de-produits\/\"},{\"@type\":\"ListItem\",\"position\":3,\"name\":\"Syst\u00e8mes de Portes Automatiques de Quai\"}]},{\"@type\":\"WebSite\",\"@id\":\"https:\/\/grupsa.fr\/#website\",\"url\":\"https:\/\/grupsa.fr\/\",\"name\":\"Grupsa Doors Systems France\",\"description\":\"Fabricants de syst\u00e8mes de portes tournantes, portes automatiques, portes \u00e9tanches, ICU et autres installations pour salles d&#039;op\u00e9ration et syst\u00e8mes APG \/ PSD pour bus (BRT) et moyens de transport.\",\"publisher\":{\"@id\":\"https:\/\/grupsa.fr\/#organization\"},\"potentialAction\":[{\"@type\":\"SearchAction\",\"target\":{\"@type\":\"EntryPoint\",\"urlTemplate\":\"https:\/\/grupsa.fr\/?s={search_term_string}\"},\"query-input\":{\"@type\":\"PropertyValueSpecification\",\"valueRequired\":true,\"valueName\":\"search_term_string\"}}],\"inLanguage\":\"es\"},{\"@type\":\"Organization\",\"@id\":\"https:\/\/grupsa.fr\/#organization\",\"name\":\"Grupsa Doors Systems France\",\"url\":\"https:\/\/grupsa.fr\/\",\"logo\":{\"@type\":\"ImageObject\",\"inLanguage\":\"es\",\"@id\":\"https:\/\/grupsa.fr\/#\/schema\/logo\/image\/\",\"url\":\"https:\/\/grupsa.fr\/wp-content\/uploads\/2021\/03\/cropped-cropped-Grpusa-France-e1614588878665-1-e1614595037852.png\",\"contentUrl\":\"https:\/\/grupsa.fr\/wp-content\/uploads\/2021\/03\/cropped-cropped-Grpusa-France-e1614588878665-1-e1614595037852.png\",\"width\":125,\"height\":87,\"caption\":\"Grupsa Doors Systems France\"},\"image\":{\"@id\":\"https:\/\/grupsa.fr\/#\/schema\/logo\/image\/\"}}]}<\/script>\n<!-- \/ Yoast SEO plugin. -->","yoast_head_json":{"title":"Syst\u00e8mes de Portes Automatiques de Quai - Grupsa Doors Systems France","description":"Screen System est notre gamme de syst\u00e8mes de Portes Automatiques \u00e0 plate-forme pour les terminaux de transport de masse: bus (BHNS), m\u00e9tro, tramway et train.","robots":{"index":"index","follow":"follow","max-snippet":"max-snippet:-1","max-image-preview":"max-image-preview:large","max-video-preview":"max-video-preview:-1"},"canonical":"https:\/\/grupsa.fr\/index.php\/gammes-de-produits\/systemes-de-portes-automatiques-de-quai\/","og_locale":"es_ES","og_type":"article","og_title":"Syst\u00e8mes de Portes Automatiques de Quai - Grupsa Doors Systems France","og_description":"Screen System est notre gamme de syst\u00e8mes de Portes Automatiques \u00e0 plate-forme pour les terminaux de transport de masse: bus (BHNS), m\u00e9tro, tramway et train.","og_url":"https:\/\/grupsa.fr\/index.php\/gammes-de-produits\/systemes-de-portes-automatiques-de-quai\/","og_site_name":"Grupsa Doors Systems France","article_modified_time":"2021-03-03T10:51:10+00:00","twitter_card":"summary_large_image","twitter_misc":{"Tiempo de lectura":"1 minuto"},"schema":{"@context":"https:\/\/schema.org","@graph":[{"@type":"WebPage","@id":"https:\/\/grupsa.fr\/index.php\/gammes-de-produits\/systemes-de-portes-automatiques-de-quai\/","url":"https:\/\/grupsa.fr\/index.php\/gammes-de-produits\/systemes-de-portes-automatiques-de-quai\/","name":"Syst\u00e8mes de Portes Automatiques de Quai - Grupsa Doors Systems France","isPartOf":{"@id":"https:\/\/grupsa.fr\/#website"},"datePublished":"2021-03-03T10:47:27+00:00","dateModified":"2021-03-03T10:51:10+00:00","description":"Screen System est notre gamme de syst\u00e8mes de Portes Automatiques \u00e0 plate-forme pour les terminaux de transport de masse: bus (BHNS), m\u00e9tro, tramway et train.","breadcrumb":{"@id":"https:\/\/grupsa.fr\/index.php\/gammes-de-produits\/systemes-de-portes-automatiques-de-quai\/#breadcrumb"},"inLanguage":"es","potentialAction":[{"@type":"ReadAction","target":["https:\/\/grupsa.fr\/index.php\/gammes-de-produits\/systemes-de-portes-automatiques-de-quai\/"]}]},{"@type":"BreadcrumbList","@id":"https:\/\/grupsa.fr\/index.php\/gammes-de-produits\/systemes-de-portes-automatiques-de-quai\/#breadcrumb","itemListElement":[{"@type":"ListItem","position":1,"name":"Portada","item":"https:\/\/grupsa.fr\/"},{"@type":"ListItem","position":2,"name":"Gammes de produits","item":"https:\/\/grupsa.fr\/index.php\/gammes-de-produits\/"},{"@type":"ListItem","position":3,"name":"Syst\u00e8mes de Portes Automatiques de Quai"}]},{"@type":"WebSite","@id":"https:\/\/grupsa.fr\/#website","url":"https:\/\/grupsa.fr\/","name":"Grupsa Doors Systems France","description":"Fabricants de syst\u00e8mes de portes tournantes, portes automatiques, portes \u00e9tanches, ICU et autres installations pour salles d&#039;op\u00e9ration et syst\u00e8mes APG \/ PSD pour bus (BRT) et moyens de transport.","publisher":{"@id":"https:\/\/grupsa.fr\/#organization"},"potentialAction":[{"@type":"SearchAction","target":{"@type":"EntryPoint","urlTemplate":"https:\/\/grupsa.fr\/?s={search_term_string}"},"query-input":{"@type":"PropertyValueSpecification","valueRequired":true,"valueName":"search_term_string"}}],"inLanguage":"es"},{"@type":"Organization","@id":"https:\/\/grupsa.fr\/#organization","name":"Grupsa Doors Systems France","url":"https:\/\/grupsa.fr\/","logo":{"@type":"ImageObject","inLanguage":"es","@id":"https:\/\/grupsa.fr\/#\/schema\/logo\/image\/","url":"https:\/\/grupsa.fr\/wp-content\/uploads\/2021\/03\/cropped-cropped-Grpusa-France-e1614588878665-1-e1614595037852.png","contentUrl":"https:\/\/grupsa.fr\/wp-content\/uploads\/2021\/03\/cropped-cropped-Grpusa-France-e1614588878665-1-e1614595037852.png","width":125,"height":87,"caption":"Grupsa Doors Systems France"},"image":{"@id":"https:\/\/grupsa.fr\/#\/schema\/logo\/image\/"}}]}},"_links":{"self":[{"href":"https:\/\/grupsa.fr\/index.php\/wp-json\/wp\/v2\/pages\/965","targetHints":{"allow":["GET"]}}],"collection":[{"href":"https:\/\/grupsa.fr\/index.php\/wp-json\/wp\/v2\/pages"}],"about":[{"href":"https:\/\/grupsa.fr\/index.php\/wp-json\/wp\/v2\/types\/page"}],"author":[{"embeddable":true,"href":"https:\/\/grupsa.fr\/index.php\/wp-json\/wp\/v2\/users\/1"}],"replies":[{"embeddable":true,"href":"https:\/\/grupsa.fr\/index.php\/wp-json\/wp\/v2\/comments?post=965"}],"version-history":[{"count":5,"href":"https:\/\/grupsa.fr\/index.php\/wp-json\/wp\/v2\/pages\/965\/revisions"}],"predecessor-version":[{"id":973,"href":"https:\/\/grupsa.fr\/index.php\/wp-json\/wp\/v2\/pages\/965\/revisions\/973"}],"up":[{"embeddable":true,"href":"https:\/\/grupsa.fr\/index.php\/wp-json\/wp\/v2\/pages\/801"}],"wp:attachment":[{"href":"https:\/\/grupsa.fr\/index.php\/wp-json\/wp\/v2\/media?parent=965"}],"curies":[{"name":"wp","href":"https:\/\/api.w.org\/{rel}","templated":true}]}}