{"id":941,"date":"2021-03-03T10:10:46","date_gmt":"2021-03-03T10:10:46","guid":{"rendered":"https:\/\/grupsa.fr\/?page_id=941"},"modified":"2021-03-03T10:18:56","modified_gmt":"2021-03-03T10:18:56","slug":"portes-coulissantes-cintrees","status":"publish","type":"page","link":"https:\/\/grupsa.fr\/index.php\/gammes-de-produits\/portes-coulissantes-cintrees\/","title":{"rendered":"Portes Coulissantes Cintr\u00e9es"},"content":{"rendered":"<div id=\"pl-941\"  class=\"panel-layout\" ><div id=\"pg-941-0\"  class=\"panel-grid panel-no-style\" ><div id=\"pgc-941-0-0\"  class=\"panel-grid-cell\" ><div id=\"panel-941-0-0-0\" class=\"so-panel widget widget_themegrill_flash_image tg-widget tg-image-widget panel-first-child\" data-index=\"0\" >\t<img decoding=\"async\" src=\"https:\/\/grupsa.fr\/wp-content\/uploads\/2021\/03\/Puertas-Correderas-Curvas.jpg\" \/>\n<\/div><div id=\"panel-941-0-0-1\" class=\"so-panel widget widget_themegrill_flash_heading tg-widget section-title-wrapper\" data-index=\"1\" ><div class=\"flash_inherit_color panel-widget-style panel-widget-style-for-941-0-0-1\" >\t<h3 class=\"section-title\">Circular System<\/h3>\n\t<div class=\"section-description\">Portes Coulissantes Cintr\u00e9es<\/div>\n<\/div><\/div><div id=\"panel-941-0-0-2\" class=\"so-panel widget widget_text\" data-index=\"2\" >\t\t\t<div class=\"textwidget\"><p>La gamme de\u00a0<strong>Portes Coulissantes Cintr\u00e9es, Circular System<\/strong>, se compose de syst\u00e8mes de panneaux fixes et vantaux mobiles qui, en raison de leur configuration, forment des enceintes tr\u00e8s attrayantes pour les acc\u00e8s principaux des b\u00e2timents tels que les h\u00f4tels ou les bureaux \u2026 C\u2019est une solution interm\u00e9diaire entre les portes automatiques droites et portes tournantes, lorsque l\u2019avant du b\u00e2timent est incurv\u00e9 ou que vous souhaitez fa\u00e7onner l\u2019entr\u00e9e de l\u2019installation de mani\u00e8re soign\u00e9e et \u00e9l\u00e9gante.<\/p>\n<p>Les\u00a0<strong>Portes Coulissantes Cintr\u00e9es CS-800<\/strong>\u00a0peuvent \u00eatre fabriqu\u00e9es dans n\u2019importe quelle configuration sp\u00e9cifique et dans diff\u00e9rentes finitions de surface, agissant comme un coupe-vent efficace lorsqu\u2019elles sont \u00e9tendues avec des panneaux lat\u00e9raux fixes. Grande polyvalence: circulaire ou semi-circulaire, ellipses, concave ou convexe, ou une ou deux feuilles.<\/p>\n<ul>\n<li><strong>S\u00e9curit\u00e9 maximale<\/strong>, conform\u00e9ment aux r\u00e9glementations europ\u00e9ennes les plus strictes (EN 16005)<\/li>\n<li>Disponible pour les\u00a0<strong>voies d\u2019\u00e9vacuation<\/strong>, gr\u00e2ce \u00e0 son op\u00e9rateur courbe AG90 ER.<\/li>\n<\/ul>\n<p><strong>Sp\u00e9cifications techniques<\/strong><\/p>\n<ul>\n<li>Largeurs de passage libre standard de 800 \u00e0 presque 2000 mm<\/li>\n<li>Diam\u00e8tres standard sup\u00e9rieurs \u00e0 4 m\u00e8tres<\/li>\n<li>Profils 81 x 35 mm et 70 x 26 mm<\/li>\n<li>Finitions en acier inoxydable ou aluminium \u2013 laqu\u00e9 ou anodis\u00e9.<\/li>\n<li>Poids maximum jusqu\u2019\u00e0 150 kg \/ feuille.<\/li>\n<li>Large gamme de devices de s\u00e9curit\u00e9 et d\u2019activation.<\/li>\n<li>Conception et dimensions sp\u00e9ciales sur demande.<\/li>\n<\/ul>\n<\/div>\n\t\t<\/div><div id=\"panel-941-0-0-3\" class=\"widget_text so-panel widget widget_custom_html panel-last-child\" data-index=\"3\" ><div class=\"textwidget custom-html-widget\"><a id=\"boton\" href=\"https:\/\/workdrive.zohopublic.eu\/external\/SRSjXvd3NJ-lU0Qq7\">Voir catalogue<\/a>\n<\/div><\/div><\/div><\/div><div id=\"pg-941-1\"  class=\"panel-grid panel-has-style\" ><div class=\"panel-row-style panel-row-style-for-941-1\" ><div id=\"pgc-941-1-0\"  class=\"panel-grid-cell\" ><div id=\"panel-941-1-0-0\" class=\"so-panel widget widget_themegrill_flash_image tg-widget tg-image-widget panel-first-child panel-last-child\" data-index=\"4\" >\t<img decoding=\"async\" src=\"https:\/\/grupsa.fr\/wp-content\/uploads\/2021\/03\/titanium.jpg\" \/>\n<\/div><\/div><div id=\"pgc-941-1-1\"  class=\"panel-grid-cell\" ><div id=\"panel-941-1-1-0\" class=\"so-panel widget widget_themegrill_flash_image tg-widget tg-image-widget panel-first-child panel-last-child\" data-index=\"5\" >\t<img decoding=\"async\" src=\"https:\/\/grupsa.fr\/wp-content\/uploads\/2021\/03\/edificio-colonial-1.jpg\" \/>\n<\/div><\/div><div id=\"pgc-941-1-2\"  class=\"panel-grid-cell\" ><div id=\"panel-941-1-2-0\" class=\"so-panel widget widget_themegrill_flash_image tg-widget tg-image-widget panel-first-child panel-last-child\" data-index=\"6\" >\t<img decoding=\"async\" src=\"https:\/\/grupsa.fr\/wp-content\/uploads\/2021\/03\/hotel-fuentelapiedra-1.jpg\" \/>\n<\/div><\/div><\/div><\/div><\/div>","protected":false},"excerpt":{"rendered":"<p>La gamme de\u00a0Portes Coulissantes Cintr\u00e9es, Circular System, se compose de syst\u00e8mes de panneaux fixes et vantaux mobiles qui, en raison [&hellip;]<\/p>\n","protected":false},"author":1,"featured_media":0,"parent":801,"menu_order":6,"comment_status":"closed","ping_status":"closed","template":"","meta":{"footnotes":""},"class_list":["post-941","page","type-page","status-publish","hentry"],"yoast_head":"<!-- This site is optimized with the Yoast SEO plugin v24.9 - https:\/\/yoast.com\/wordpress\/plugins\/seo\/ -->\n<title>Portes Coulissantes Cintr\u00e9es - Grupsa Doors Systems France<\/title>\n<meta name=\"description\" content=\"La gamme de Portes Coulissantes Cintr\u00e9es, Circular System, se compose de syst\u00e8mes de panneaux fixes et vantaux mobiles qui, en raison de leur configuration, forment des enceintes tr\u00e8s attrayantes pour les acc\u00e8s principaux des b\u00e2timents tels que les h\u00f4tels ou les bureaux \u2026\" \/>\n<meta name=\"robots\" content=\"index, follow, max-snippet:-1, max-image-preview:large, max-video-preview:-1\" \/>\n<link rel=\"canonical\" href=\"https:\/\/grupsa.fr\/index.php\/gammes-de-produits\/portes-coulissantes-cintrees\/\" \/>\n<meta property=\"og:locale\" content=\"es_ES\" \/>\n<meta property=\"og:type\" content=\"article\" \/>\n<meta property=\"og:title\" content=\"Portes Coulissantes Cintr\u00e9es - Grupsa Doors Systems France\" \/>\n<meta property=\"og:description\" content=\"La gamme de Portes Coulissantes Cintr\u00e9es, Circular System, se compose de syst\u00e8mes de panneaux fixes et vantaux mobiles qui, en raison de leur configuration, forment des enceintes tr\u00e8s attrayantes pour les acc\u00e8s principaux des b\u00e2timents tels que les h\u00f4tels ou les bureaux \u2026\" \/>\n<meta property=\"og:url\" content=\"https:\/\/grupsa.fr\/index.php\/gammes-de-produits\/portes-coulissantes-cintrees\/\" \/>\n<meta property=\"og:site_name\" content=\"Grupsa Doors Systems France\" \/>\n<meta property=\"article:modified_time\" content=\"2021-03-03T10:18:56+00:00\" \/>\n<meta name=\"twitter:card\" content=\"summary_large_image\" \/>\n<meta name=\"twitter:label1\" content=\"Tiempo de lectura\" \/>\n\t<meta name=\"twitter:data1\" content=\"1 minuto\" \/>\n<script type=\"application\/ld+json\" class=\"yoast-schema-graph\">{\"@context\":\"https:\/\/schema.org\",\"@graph\":[{\"@type\":\"WebPage\",\"@id\":\"https:\/\/grupsa.fr\/index.php\/gammes-de-produits\/portes-coulissantes-cintrees\/\",\"url\":\"https:\/\/grupsa.fr\/index.php\/gammes-de-produits\/portes-coulissantes-cintrees\/\",\"name\":\"Portes Coulissantes Cintr\u00e9es - Grupsa Doors Systems France\",\"isPartOf\":{\"@id\":\"https:\/\/grupsa.fr\/#website\"},\"datePublished\":\"2021-03-03T10:10:46+00:00\",\"dateModified\":\"2021-03-03T10:18:56+00:00\",\"description\":\"La gamme de Portes Coulissantes Cintr\u00e9es, Circular System, se compose de syst\u00e8mes de panneaux fixes et vantaux mobiles qui, en raison de leur configuration, forment des enceintes tr\u00e8s attrayantes pour les acc\u00e8s principaux des b\u00e2timents tels que les h\u00f4tels ou les bureaux \u2026\",\"breadcrumb\":{\"@id\":\"https:\/\/grupsa.fr\/index.php\/gammes-de-produits\/portes-coulissantes-cintrees\/#breadcrumb\"},\"inLanguage\":\"es\",\"potentialAction\":[{\"@type\":\"ReadAction\",\"target\":[\"https:\/\/grupsa.fr\/index.php\/gammes-de-produits\/portes-coulissantes-cintrees\/\"]}]},{\"@type\":\"BreadcrumbList\",\"@id\":\"https:\/\/grupsa.fr\/index.php\/gammes-de-produits\/portes-coulissantes-cintrees\/#breadcrumb\",\"itemListElement\":[{\"@type\":\"ListItem\",\"position\":1,\"name\":\"Portada\",\"item\":\"https:\/\/grupsa.fr\/\"},{\"@type\":\"ListItem\",\"position\":2,\"name\":\"Gammes de produits\",\"item\":\"https:\/\/grupsa.fr\/index.php\/gammes-de-produits\/\"},{\"@type\":\"ListItem\",\"position\":3,\"name\":\"Portes Coulissantes Cintr\u00e9es\"}]},{\"@type\":\"WebSite\",\"@id\":\"https:\/\/grupsa.fr\/#website\",\"url\":\"https:\/\/grupsa.fr\/\",\"name\":\"Grupsa Doors Systems France\",\"description\":\"Fabricants de syst\u00e8mes de portes tournantes, portes automatiques, portes \u00e9tanches, ICU et autres installations pour salles d&#039;op\u00e9ration et syst\u00e8mes APG \/ PSD pour bus (BRT) et moyens de transport.\",\"publisher\":{\"@id\":\"https:\/\/grupsa.fr\/#organization\"},\"potentialAction\":[{\"@type\":\"SearchAction\",\"target\":{\"@type\":\"EntryPoint\",\"urlTemplate\":\"https:\/\/grupsa.fr\/?s={search_term_string}\"},\"query-input\":{\"@type\":\"PropertyValueSpecification\",\"valueRequired\":true,\"valueName\":\"search_term_string\"}}],\"inLanguage\":\"es\"},{\"@type\":\"Organization\",\"@id\":\"https:\/\/grupsa.fr\/#organization\",\"name\":\"Grupsa Doors Systems France\",\"url\":\"https:\/\/grupsa.fr\/\",\"logo\":{\"@type\":\"ImageObject\",\"inLanguage\":\"es\",\"@id\":\"https:\/\/grupsa.fr\/#\/schema\/logo\/image\/\",\"url\":\"https:\/\/grupsa.fr\/wp-content\/uploads\/2021\/03\/cropped-cropped-Grpusa-France-e1614588878665-1-e1614595037852.png\",\"contentUrl\":\"https:\/\/grupsa.fr\/wp-content\/uploads\/2021\/03\/cropped-cropped-Grpusa-France-e1614588878665-1-e1614595037852.png\",\"width\":125,\"height\":87,\"caption\":\"Grupsa Doors Systems France\"},\"image\":{\"@id\":\"https:\/\/grupsa.fr\/#\/schema\/logo\/image\/\"}}]}<\/script>\n<!-- \/ Yoast SEO plugin. -->","yoast_head_json":{"title":"Portes Coulissantes Cintr\u00e9es - Grupsa Doors Systems France","description":"La gamme de Portes Coulissantes Cintr\u00e9es, Circular System, se compose de syst\u00e8mes de panneaux fixes et vantaux mobiles qui, en raison de leur configuration, forment des enceintes tr\u00e8s attrayantes pour les acc\u00e8s principaux des b\u00e2timents tels que les h\u00f4tels ou les bureaux \u2026","robots":{"index":"index","follow":"follow","max-snippet":"max-snippet:-1","max-image-preview":"max-image-preview:large","max-video-preview":"max-video-preview:-1"},"canonical":"https:\/\/grupsa.fr\/index.php\/gammes-de-produits\/portes-coulissantes-cintrees\/","og_locale":"es_ES","og_type":"article","og_title":"Portes Coulissantes Cintr\u00e9es - Grupsa Doors Systems France","og_description":"La gamme de Portes Coulissantes Cintr\u00e9es, Circular System, se compose de syst\u00e8mes de panneaux fixes et vantaux mobiles qui, en raison de leur configuration, forment des enceintes tr\u00e8s attrayantes pour les acc\u00e8s principaux des b\u00e2timents tels que les h\u00f4tels ou les bureaux \u2026","og_url":"https:\/\/grupsa.fr\/index.php\/gammes-de-produits\/portes-coulissantes-cintrees\/","og_site_name":"Grupsa Doors Systems France","article_modified_time":"2021-03-03T10:18:56+00:00","twitter_card":"summary_large_image","twitter_misc":{"Tiempo de lectura":"1 minuto"},"schema":{"@context":"https:\/\/schema.org","@graph":[{"@type":"WebPage","@id":"https:\/\/grupsa.fr\/index.php\/gammes-de-produits\/portes-coulissantes-cintrees\/","url":"https:\/\/grupsa.fr\/index.php\/gammes-de-produits\/portes-coulissantes-cintrees\/","name":"Portes Coulissantes Cintr\u00e9es - Grupsa Doors Systems France","isPartOf":{"@id":"https:\/\/grupsa.fr\/#website"},"datePublished":"2021-03-03T10:10:46+00:00","dateModified":"2021-03-03T10:18:56+00:00","description":"La gamme de Portes Coulissantes Cintr\u00e9es, Circular System, se compose de syst\u00e8mes de panneaux fixes et vantaux mobiles qui, en raison de leur configuration, forment des enceintes tr\u00e8s attrayantes pour les acc\u00e8s principaux des b\u00e2timents tels que les h\u00f4tels ou les bureaux \u2026","breadcrumb":{"@id":"https:\/\/grupsa.fr\/index.php\/gammes-de-produits\/portes-coulissantes-cintrees\/#breadcrumb"},"inLanguage":"es","potentialAction":[{"@type":"ReadAction","target":["https:\/\/grupsa.fr\/index.php\/gammes-de-produits\/portes-coulissantes-cintrees\/"]}]},{"@type":"BreadcrumbList","@id":"https:\/\/grupsa.fr\/index.php\/gammes-de-produits\/portes-coulissantes-cintrees\/#breadcrumb","itemListElement":[{"@type":"ListItem","position":1,"name":"Portada","item":"https:\/\/grupsa.fr\/"},{"@type":"ListItem","position":2,"name":"Gammes de produits","item":"https:\/\/grupsa.fr\/index.php\/gammes-de-produits\/"},{"@type":"ListItem","position":3,"name":"Portes Coulissantes Cintr\u00e9es"}]},{"@type":"WebSite","@id":"https:\/\/grupsa.fr\/#website","url":"https:\/\/grupsa.fr\/","name":"Grupsa Doors Systems France","description":"Fabricants de syst\u00e8mes de portes tournantes, portes automatiques, portes \u00e9tanches, ICU et autres installations pour salles d&#039;op\u00e9ration et syst\u00e8mes APG \/ PSD pour bus (BRT) et moyens de transport.","publisher":{"@id":"https:\/\/grupsa.fr\/#organization"},"potentialAction":[{"@type":"SearchAction","target":{"@type":"EntryPoint","urlTemplate":"https:\/\/grupsa.fr\/?s={search_term_string}"},"query-input":{"@type":"PropertyValueSpecification","valueRequired":true,"valueName":"search_term_string"}}],"inLanguage":"es"},{"@type":"Organization","@id":"https:\/\/grupsa.fr\/#organization","name":"Grupsa Doors Systems France","url":"https:\/\/grupsa.fr\/","logo":{"@type":"ImageObject","inLanguage":"es","@id":"https:\/\/grupsa.fr\/#\/schema\/logo\/image\/","url":"https:\/\/grupsa.fr\/wp-content\/uploads\/2021\/03\/cropped-cropped-Grpusa-France-e1614588878665-1-e1614595037852.png","contentUrl":"https:\/\/grupsa.fr\/wp-content\/uploads\/2021\/03\/cropped-cropped-Grpusa-France-e1614588878665-1-e1614595037852.png","width":125,"height":87,"caption":"Grupsa Doors Systems France"},"image":{"@id":"https:\/\/grupsa.fr\/#\/schema\/logo\/image\/"}}]}},"_links":{"self":[{"href":"https:\/\/grupsa.fr\/index.php\/wp-json\/wp\/v2\/pages\/941","targetHints":{"allow":["GET"]}}],"collection":[{"href":"https:\/\/grupsa.fr\/index.php\/wp-json\/wp\/v2\/pages"}],"about":[{"href":"https:\/\/grupsa.fr\/index.php\/wp-json\/wp\/v2\/types\/page"}],"author":[{"embeddable":true,"href":"https:\/\/grupsa.fr\/index.php\/wp-json\/wp\/v2\/users\/1"}],"replies":[{"embeddable":true,"href":"https:\/\/grupsa.fr\/index.php\/wp-json\/wp\/v2\/comments?post=941"}],"version-history":[{"count":5,"href":"https:\/\/grupsa.fr\/index.php\/wp-json\/wp\/v2\/pages\/941\/revisions"}],"predecessor-version":[{"id":953,"href":"https:\/\/grupsa.fr\/index.php\/wp-json\/wp\/v2\/pages\/941\/revisions\/953"}],"up":[{"embeddable":true,"href":"https:\/\/grupsa.fr\/index.php\/wp-json\/wp\/v2\/pages\/801"}],"wp:attachment":[{"href":"https:\/\/grupsa.fr\/index.php\/wp-json\/wp\/v2\/media?parent=941"}],"curies":[{"name":"wp","href":"https:\/\/api.w.org\/{rel}","templated":true}]}}