{"id":914,"date":"2021-03-03T08:02:59","date_gmt":"2021-03-03T08:02:59","guid":{"rendered":"https:\/\/grupsa.fr\/?page_id=914"},"modified":"2021-03-03T08:07:51","modified_gmt":"2021-03-03T08:07:51","slug":"portes-tournantes","status":"publish","type":"page","link":"https:\/\/grupsa.fr\/index.php\/gammes-de-produits\/portes-tournantes\/","title":{"rendered":"Portes Tournantes"},"content":{"rendered":"<div id=\"pl-914\"  class=\"panel-layout\" ><div id=\"pg-914-0\"  class=\"panel-grid panel-no-style\" ><div id=\"pgc-914-0-0\"  class=\"panel-grid-cell\" ><div id=\"panel-914-0-0-0\" class=\"so-panel widget widget_themegrill_flash_image tg-widget tg-image-widget panel-first-child\" data-index=\"0\" >\t<img decoding=\"async\" src=\"https:\/\/grupsa.fr\/wp-content\/uploads\/2021\/03\/Puertas-Giratorias.jpg\" \/>\n<\/div><div id=\"panel-914-0-0-1\" class=\"so-panel widget widget_themegrill_flash_heading tg-widget section-title-wrapper\" data-index=\"1\" ><div class=\"flash_inherit_color panel-widget-style panel-widget-style-for-914-0-0-1\" >\t<h3 class=\"section-title\">Rotary System<\/h3>\n\t<div class=\"section-description\">Syst\u00e8mes de Portes Tournantes<\/div>\n<\/div><\/div><div id=\"panel-914-0-0-2\" class=\"so-panel widget widget_text\" data-index=\"2\" >\t\t\t<div class=\"textwidget\"><p>La gamme\u00a0<strong>Rotary System<\/strong>\u00a0se compose de\u00a0<strong>Syst\u00e8mes de Portes Tournantes<\/strong>, en version manuelle ou automatique, con\u00e7ues pour des installations \u00e0 forte affluence de personnes (<a href=\"https:\/\/grupsa.com\/fr\/hotels-restaurants\/\"><strong>h\u00f4tels<\/strong>\u00a0<\/a><strong>ou\u00a0<a href=\"https:\/\/grupsa.com\/fr\/sieges-corporatifs-bureaux-et-institutions\/\">si\u00e8ges corporatifs<\/a><\/strong>). Cinq mod\u00e8les diff\u00e9rents de portes tournantes, qui nous permettent de nous adapter \u00e0 tous les besoins tout en conservant la fonctionnalit\u00e9 et l\u2019\u00e9l\u00e9gance qui caract\u00e9risent ces portes, qui offrent une entr\u00e9e unique, sp\u00e9cifique et sophistiqu\u00e9e avant m\u00eame d\u2019entrer dans l\u2019\u00e9difice<\/p>\n<p>Une solution compl\u00e8te avec de vastes possibilit\u00e9s de personnalisation pour les entr\u00e9es dans vos installations :<\/p>\n<ul>\n<li>Le design de Grupsa pour ces portes tournantes est bas\u00e9e sur la technologie la plus avanc\u00e9e.<\/li>\n<li>L\u2019installation de portes tournantes RS-100 est soumise au respect des normes locales et europ\u00e9ennes en vigueur.<\/li>\n<li>Possibilit\u00e9 d\u2019\u00eatre install\u00e9e dans les voies d\u2019\u00e9vacuation, gr\u00e2ce \u00e0 son syst\u00e8me de rabattage des vantaux<\/li>\n<\/ul>\n<p>Les\u00a0<strong>Portes Tournantes<\/strong>\u00a0<strong>du Rotary System<\/strong>\u00a0assurent une conformit\u00e9 \u00e0 la norme EN 16005, en fonction des conditions et des exigences d\u2019utilisation. EIles fournissent des solutions visant \u00e0 am\u00e9liorer la s\u00e9curit\u00e9 des utilisateurs, les co\u00fbts d\u2019\u00e9conomie d\u2019\u00e9nergie et les syst\u00e8mes de gestion des b\u00e2timents BMS. Elles minimisent les fuites d\u2019air dans les b\u00e2timents \u00e9quip\u00e9s de syst\u00e8me de climatisation et de chauffage et entraine des \u00e9conomies d\u2019\u00e9nergie consid\u00e9rables en raison de l\u2019isolation thermique et acoustique qu\u2019elles fournissent.<\/p>\n<\/div>\n\t\t<\/div><div id=\"panel-914-0-0-3\" class=\"widget_text so-panel widget widget_custom_html panel-last-child\" data-index=\"3\" ><div class=\"textwidget custom-html-widget\"><a id=\"boton\" href=\"https:\/\/workdrive.zohopublic.eu\/external\/SRSjXvcmm7-lU0Qq7\">Voir catalogue<\/a>\n<\/div><\/div><\/div><\/div><div id=\"pg-914-1\"  class=\"panel-grid panel-has-style\" ><div class=\"panel-row-style panel-row-style-for-914-1\" ><div id=\"pgc-914-1-0\"  class=\"panel-grid-cell\" ><div id=\"panel-914-1-0-0\" class=\"so-panel widget widget_themegrill_flash_image tg-widget tg-image-widget panel-first-child panel-last-child\" data-index=\"4\" >\t<img decoding=\"async\" src=\"https:\/\/grupsa.fr\/wp-content\/uploads\/2021\/03\/Puerta-Giratoria-RS-Krystal.jpg\" \/>\n<\/div><\/div><div id=\"pgc-914-1-1\"  class=\"panel-grid-cell\" ><div id=\"panel-914-1-1-0\" class=\"so-panel widget widget_themegrill_flash_image tg-widget tg-image-widget panel-first-child panel-last-child\" data-index=\"5\" >\t<img decoding=\"async\" src=\"https:\/\/grupsa.fr\/wp-content\/uploads\/2021\/03\/Puerta-Giratoria-RS-Color.jpg\" \/>\n<\/div><\/div><div id=\"pgc-914-1-2\"  class=\"panel-grid-cell\" ><div id=\"panel-914-1-2-0\" class=\"so-panel widget widget_themegrill_flash_image tg-widget tg-image-widget panel-first-child panel-last-child\" data-index=\"6\" >\t<img decoding=\"async\" src=\"https:\/\/grupsa.fr\/wp-content\/uploads\/2021\/03\/Puerta-Giratoria-RS-SKY.jpg\" \/>\n<\/div><\/div><\/div><\/div><\/div>","protected":false},"excerpt":{"rendered":"<p>La gamme\u00a0Rotary System\u00a0se compose de\u00a0Syst\u00e8mes de Portes Tournantes, en version manuelle ou automatique, con\u00e7ues pour des installations \u00e0 forte affluence [&hellip;]<\/p>\n","protected":false},"author":1,"featured_media":0,"parent":801,"menu_order":5,"comment_status":"closed","ping_status":"closed","template":"","meta":{"footnotes":""},"class_list":["post-914","page","type-page","status-publish","hentry"],"yoast_head":"<!-- This site is optimized with the Yoast SEO plugin v24.9 - https:\/\/yoast.com\/wordpress\/plugins\/seo\/ -->\n<title>Portes Tournantes - Grupsa Doors Systems France<\/title>\n<meta name=\"description\" content=\"Rotary System se compose de Syst\u00e8mes de Portes Tournantes, en version manuelle ou automatique, con\u00e7ues pour des installations \u00e0 forte affluence de personnes (h\u00f4tels ou si\u00e8ges corporatifs).\" \/>\n<meta name=\"robots\" content=\"index, follow, max-snippet:-1, max-image-preview:large, max-video-preview:-1\" \/>\n<link rel=\"canonical\" href=\"https:\/\/grupsa.fr\/index.php\/gammes-de-produits\/portes-tournantes\/\" \/>\n<meta property=\"og:locale\" content=\"es_ES\" \/>\n<meta property=\"og:type\" content=\"article\" \/>\n<meta property=\"og:title\" content=\"Portes Tournantes - Grupsa Doors Systems France\" \/>\n<meta property=\"og:description\" content=\"Rotary System se compose de Syst\u00e8mes de Portes Tournantes, en version manuelle ou automatique, con\u00e7ues pour des installations \u00e0 forte affluence de personnes (h\u00f4tels ou si\u00e8ges corporatifs).\" \/>\n<meta property=\"og:url\" content=\"https:\/\/grupsa.fr\/index.php\/gammes-de-produits\/portes-tournantes\/\" \/>\n<meta property=\"og:site_name\" content=\"Grupsa Doors Systems France\" \/>\n<meta property=\"article:modified_time\" content=\"2021-03-03T08:07:51+00:00\" \/>\n<meta name=\"twitter:card\" content=\"summary_large_image\" \/>\n<meta name=\"twitter:label1\" content=\"Tiempo de lectura\" \/>\n\t<meta name=\"twitter:data1\" content=\"1 minuto\" \/>\n<script type=\"application\/ld+json\" class=\"yoast-schema-graph\">{\"@context\":\"https:\/\/schema.org\",\"@graph\":[{\"@type\":\"WebPage\",\"@id\":\"https:\/\/grupsa.fr\/index.php\/gammes-de-produits\/portes-tournantes\/\",\"url\":\"https:\/\/grupsa.fr\/index.php\/gammes-de-produits\/portes-tournantes\/\",\"name\":\"Portes Tournantes - Grupsa Doors Systems France\",\"isPartOf\":{\"@id\":\"https:\/\/grupsa.fr\/#website\"},\"datePublished\":\"2021-03-03T08:02:59+00:00\",\"dateModified\":\"2021-03-03T08:07:51+00:00\",\"description\":\"Rotary System se compose de Syst\u00e8mes de Portes Tournantes, en version manuelle ou automatique, con\u00e7ues pour des installations \u00e0 forte affluence de personnes (h\u00f4tels ou si\u00e8ges corporatifs).\",\"breadcrumb\":{\"@id\":\"https:\/\/grupsa.fr\/index.php\/gammes-de-produits\/portes-tournantes\/#breadcrumb\"},\"inLanguage\":\"es\",\"potentialAction\":[{\"@type\":\"ReadAction\",\"target\":[\"https:\/\/grupsa.fr\/index.php\/gammes-de-produits\/portes-tournantes\/\"]}]},{\"@type\":\"BreadcrumbList\",\"@id\":\"https:\/\/grupsa.fr\/index.php\/gammes-de-produits\/portes-tournantes\/#breadcrumb\",\"itemListElement\":[{\"@type\":\"ListItem\",\"position\":1,\"name\":\"Portada\",\"item\":\"https:\/\/grupsa.fr\/\"},{\"@type\":\"ListItem\",\"position\":2,\"name\":\"Gammes de produits\",\"item\":\"https:\/\/grupsa.fr\/index.php\/gammes-de-produits\/\"},{\"@type\":\"ListItem\",\"position\":3,\"name\":\"Portes Tournantes\"}]},{\"@type\":\"WebSite\",\"@id\":\"https:\/\/grupsa.fr\/#website\",\"url\":\"https:\/\/grupsa.fr\/\",\"name\":\"Grupsa Doors Systems France\",\"description\":\"Fabricants de syst\u00e8mes de portes tournantes, portes automatiques, portes \u00e9tanches, ICU et autres installations pour salles d&#039;op\u00e9ration et syst\u00e8mes APG \/ PSD pour bus (BRT) et moyens de transport.\",\"publisher\":{\"@id\":\"https:\/\/grupsa.fr\/#organization\"},\"potentialAction\":[{\"@type\":\"SearchAction\",\"target\":{\"@type\":\"EntryPoint\",\"urlTemplate\":\"https:\/\/grupsa.fr\/?s={search_term_string}\"},\"query-input\":{\"@type\":\"PropertyValueSpecification\",\"valueRequired\":true,\"valueName\":\"search_term_string\"}}],\"inLanguage\":\"es\"},{\"@type\":\"Organization\",\"@id\":\"https:\/\/grupsa.fr\/#organization\",\"name\":\"Grupsa Doors Systems France\",\"url\":\"https:\/\/grupsa.fr\/\",\"logo\":{\"@type\":\"ImageObject\",\"inLanguage\":\"es\",\"@id\":\"https:\/\/grupsa.fr\/#\/schema\/logo\/image\/\",\"url\":\"https:\/\/grupsa.fr\/wp-content\/uploads\/2021\/03\/cropped-cropped-Grpusa-France-e1614588878665-1-e1614595037852.png\",\"contentUrl\":\"https:\/\/grupsa.fr\/wp-content\/uploads\/2021\/03\/cropped-cropped-Grpusa-France-e1614588878665-1-e1614595037852.png\",\"width\":125,\"height\":87,\"caption\":\"Grupsa Doors Systems France\"},\"image\":{\"@id\":\"https:\/\/grupsa.fr\/#\/schema\/logo\/image\/\"}}]}<\/script>\n<!-- \/ Yoast SEO plugin. -->","yoast_head_json":{"title":"Portes Tournantes - Grupsa Doors Systems France","description":"Rotary System se compose de Syst\u00e8mes de Portes Tournantes, en version manuelle ou automatique, con\u00e7ues pour des installations \u00e0 forte affluence de personnes (h\u00f4tels ou si\u00e8ges corporatifs).","robots":{"index":"index","follow":"follow","max-snippet":"max-snippet:-1","max-image-preview":"max-image-preview:large","max-video-preview":"max-video-preview:-1"},"canonical":"https:\/\/grupsa.fr\/index.php\/gammes-de-produits\/portes-tournantes\/","og_locale":"es_ES","og_type":"article","og_title":"Portes Tournantes - Grupsa Doors Systems France","og_description":"Rotary System se compose de Syst\u00e8mes de Portes Tournantes, en version manuelle ou automatique, con\u00e7ues pour des installations \u00e0 forte affluence de personnes (h\u00f4tels ou si\u00e8ges corporatifs).","og_url":"https:\/\/grupsa.fr\/index.php\/gammes-de-produits\/portes-tournantes\/","og_site_name":"Grupsa Doors Systems France","article_modified_time":"2021-03-03T08:07:51+00:00","twitter_card":"summary_large_image","twitter_misc":{"Tiempo de lectura":"1 minuto"},"schema":{"@context":"https:\/\/schema.org","@graph":[{"@type":"WebPage","@id":"https:\/\/grupsa.fr\/index.php\/gammes-de-produits\/portes-tournantes\/","url":"https:\/\/grupsa.fr\/index.php\/gammes-de-produits\/portes-tournantes\/","name":"Portes Tournantes - Grupsa Doors Systems France","isPartOf":{"@id":"https:\/\/grupsa.fr\/#website"},"datePublished":"2021-03-03T08:02:59+00:00","dateModified":"2021-03-03T08:07:51+00:00","description":"Rotary System se compose de Syst\u00e8mes de Portes Tournantes, en version manuelle ou automatique, con\u00e7ues pour des installations \u00e0 forte affluence de personnes (h\u00f4tels ou si\u00e8ges corporatifs).","breadcrumb":{"@id":"https:\/\/grupsa.fr\/index.php\/gammes-de-produits\/portes-tournantes\/#breadcrumb"},"inLanguage":"es","potentialAction":[{"@type":"ReadAction","target":["https:\/\/grupsa.fr\/index.php\/gammes-de-produits\/portes-tournantes\/"]}]},{"@type":"BreadcrumbList","@id":"https:\/\/grupsa.fr\/index.php\/gammes-de-produits\/portes-tournantes\/#breadcrumb","itemListElement":[{"@type":"ListItem","position":1,"name":"Portada","item":"https:\/\/grupsa.fr\/"},{"@type":"ListItem","position":2,"name":"Gammes de produits","item":"https:\/\/grupsa.fr\/index.php\/gammes-de-produits\/"},{"@type":"ListItem","position":3,"name":"Portes Tournantes"}]},{"@type":"WebSite","@id":"https:\/\/grupsa.fr\/#website","url":"https:\/\/grupsa.fr\/","name":"Grupsa Doors Systems France","description":"Fabricants de syst\u00e8mes de portes tournantes, portes automatiques, portes \u00e9tanches, ICU et autres installations pour salles d&#039;op\u00e9ration et syst\u00e8mes APG \/ PSD pour bus (BRT) et moyens de transport.","publisher":{"@id":"https:\/\/grupsa.fr\/#organization"},"potentialAction":[{"@type":"SearchAction","target":{"@type":"EntryPoint","urlTemplate":"https:\/\/grupsa.fr\/?s={search_term_string}"},"query-input":{"@type":"PropertyValueSpecification","valueRequired":true,"valueName":"search_term_string"}}],"inLanguage":"es"},{"@type":"Organization","@id":"https:\/\/grupsa.fr\/#organization","name":"Grupsa Doors Systems France","url":"https:\/\/grupsa.fr\/","logo":{"@type":"ImageObject","inLanguage":"es","@id":"https:\/\/grupsa.fr\/#\/schema\/logo\/image\/","url":"https:\/\/grupsa.fr\/wp-content\/uploads\/2021\/03\/cropped-cropped-Grpusa-France-e1614588878665-1-e1614595037852.png","contentUrl":"https:\/\/grupsa.fr\/wp-content\/uploads\/2021\/03\/cropped-cropped-Grpusa-France-e1614588878665-1-e1614595037852.png","width":125,"height":87,"caption":"Grupsa Doors Systems France"},"image":{"@id":"https:\/\/grupsa.fr\/#\/schema\/logo\/image\/"}}]}},"_links":{"self":[{"href":"https:\/\/grupsa.fr\/index.php\/wp-json\/wp\/v2\/pages\/914","targetHints":{"allow":["GET"]}}],"collection":[{"href":"https:\/\/grupsa.fr\/index.php\/wp-json\/wp\/v2\/pages"}],"about":[{"href":"https:\/\/grupsa.fr\/index.php\/wp-json\/wp\/v2\/types\/page"}],"author":[{"embeddable":true,"href":"https:\/\/grupsa.fr\/index.php\/wp-json\/wp\/v2\/users\/1"}],"replies":[{"embeddable":true,"href":"https:\/\/grupsa.fr\/index.php\/wp-json\/wp\/v2\/comments?post=914"}],"version-history":[{"count":7,"href":"https:\/\/grupsa.fr\/index.php\/wp-json\/wp\/v2\/pages\/914\/revisions"}],"predecessor-version":[{"id":926,"href":"https:\/\/grupsa.fr\/index.php\/wp-json\/wp\/v2\/pages\/914\/revisions\/926"}],"up":[{"embeddable":true,"href":"https:\/\/grupsa.fr\/index.php\/wp-json\/wp\/v2\/pages\/801"}],"wp:attachment":[{"href":"https:\/\/grupsa.fr\/index.php\/wp-json\/wp\/v2\/media?parent=914"}],"curies":[{"name":"wp","href":"https:\/\/api.w.org\/{rel}","templated":true}]}}