{"id":883,"date":"2021-03-01T12:07:56","date_gmt":"2021-03-01T12:07:56","guid":{"rendered":"https:\/\/grupsa.fr\/?page_id=883"},"modified":"2021-03-01T12:22:09","modified_gmt":"2021-03-01T12:22:09","slug":"portes-pour-unites-de-soins-intensifs","status":"publish","type":"page","link":"https:\/\/grupsa.fr\/index.php\/gammes-de-produits\/portes-pour-unites-de-soins-intensifs\/","title":{"rendered":"Portes pour Unit\u00e9s de Soins Intensifs"},"content":{"rendered":"<div id=\"pl-883\"  class=\"panel-layout\" ><div id=\"pg-883-0\"  class=\"panel-grid panel-no-style\" ><div id=\"pgc-883-0-0\"  class=\"panel-grid-cell\" ><div id=\"panel-883-0-0-0\" class=\"so-panel widget widget_themegrill_flash_image tg-widget tg-image-widget panel-first-child\" data-index=\"0\" >\t<img decoding=\"async\" src=\"https:\/\/grupsa.fr\/wp-content\/uploads\/2021\/03\/Boxes-Cuidados-Intensivos-y-Aislados-UCI.jpg\" \/>\n<\/div><div id=\"panel-883-0-0-1\" class=\"so-panel widget widget_themegrill_flash_heading tg-widget section-title-wrapper\" data-index=\"1\" ><div class=\"flash_inherit_color panel-widget-style panel-widget-style-for-883-0-0-1\" >\t<h3 class=\"section-title\">ICU System<\/h3>\n\t<div class=\"section-description\">Portes pour Unit\u00e9s de Soins Intensifs<\/div>\n<\/div><\/div><div id=\"panel-883-0-0-2\" class=\"so-panel widget widget_text\" data-index=\"2\" >\t\t\t<div class=\"textwidget\"><p>Les <strong>Portes pour<\/strong> <strong>Salles de l\u2019Unit\u00e9 de Soins Intensifs (USI) <\/strong>et les Unit\u00e9s d\u2019Isolement\u00a0<strong>ICU System<\/strong>\u00a0pr\u00e9servent l\u2019intimit\u00e9 et l\u2019isolement sonore du patient. Elles permettent la surveillance m\u00e9dicale par le personnel hospitalier dans chacun des modules qui composent les\u00a0<strong>Unit\u00e9s de Soins Intensifs,<\/strong>\u00a0ainsi que de cr\u00e9er des zones segment\u00e9es pour des malades isol\u00e9s ou dans l\u2019unit\u00e9 des grands br\u00fbl\u00e9s qui n\u00e9cessitent une pression positive ou n\u00e9gative pour \u00e9viter le croisement d\u2019agents pathog\u00e8nes.<\/p>\n<ul>\n<li>En option, elles permettent le\u00a0<strong>rabattement des vantaux<\/strong>\u00a0pour \u00e9largir l\u2019espace de d\u00e9passement des civi\u00e8res<\/li>\n<li>Disponibles avec\u00a0<strong>stores v\u00e9nitiens pour plus d\u2019intimit\u00e9<\/strong>, et d\u2019une ouverture automatique<\/li>\n<li><strong>Design\u00a0<\/strong>\u00e9l\u00e9gant et\u00a0<strong>Nettoyage<\/strong>\u00a0facile<\/li>\n<li><strong>Formats pour Architectes<\/strong>\u00a0disponibles : PDF, BIM et CAD<\/li>\n<\/ul>\n<p><strong>Sp\u00e9cifications techniques<\/strong><\/p>\n<ul>\n<li>Parfait pour les Unit\u00e9s de Soins Intensifs et Unit\u00e9s d\u2019Isolement, R\u00e9animation, pr\u00e9-anesth\u00e9sie\u2026<\/li>\n<li>Ouverture centrale ou lat\u00e9rale coulissante ou t\u00e9lescopique<\/li>\n<li>Composition adaptable au projet<\/li>\n<li>Largeur de passage libre standard de 1000 \u00e0 1800 mm<\/li>\n<li>Finition en Aluminium laqu\u00e9 anodis\u00e9 argent<\/li>\n<li>Op\u00e9rateur AG-90\/90 optionnel pour ouverture automatique<\/li>\n<li>Store int\u00e9grable en lamelles avec r\u00e9gulateur d\u2019orientation<\/li>\n<li>Conception et dimensions sp\u00e9ciales sur demande<\/li>\n<li>Compos\u00e9e de deux vantaux rabattables et d\u2019un ou quatre vantaux rabattables<\/li>\n<\/ul>\n<\/div>\n\t\t<\/div><div id=\"panel-883-0-0-3\" class=\"widget_text so-panel widget widget_custom_html panel-last-child\" data-index=\"3\" ><div class=\"textwidget custom-html-widget\"><a id=\"boton\" href=\"https:\/\/tdrv.eu\/dVnD2o\">Voir catalogue<\/a>\n<\/div><\/div><\/div><\/div><div id=\"pg-883-1\"  class=\"panel-grid panel-has-style\" ><div class=\"panel-row-style panel-row-style-for-883-1\" ><div id=\"pgc-883-1-0\"  class=\"panel-grid-cell\" ><div id=\"panel-883-1-0-0\" class=\"so-panel widget widget_themegrill_flash_image tg-widget tg-image-widget panel-first-child panel-last-child\" data-index=\"4\" >\t<img decoding=\"async\" src=\"https:\/\/grupsa.fr\/wp-content\/uploads\/2021\/03\/uci-usi-1.jpg\" \/>\n<\/div><\/div><div id=\"pgc-883-1-1\"  class=\"panel-grid-cell\" ><div id=\"panel-883-1-1-0\" class=\"so-panel widget widget_themegrill_flash_image tg-widget tg-image-widget panel-first-child panel-last-child\" data-index=\"5\" >\t<img decoding=\"async\" src=\"https:\/\/grupsa.fr\/wp-content\/uploads\/2021\/03\/uci-usi-2.jpg\" \/>\n<\/div><\/div><\/div><\/div><\/div>","protected":false},"excerpt":{"rendered":"<p>Les Portes pour Salles de l\u2019Unit\u00e9 de Soins Intensifs (USI) et les Unit\u00e9s d\u2019Isolement\u00a0ICU System\u00a0pr\u00e9servent l\u2019intimit\u00e9 et l\u2019isolement sonore du [&hellip;]<\/p>\n","protected":false},"author":1,"featured_media":0,"parent":801,"menu_order":3,"comment_status":"closed","ping_status":"closed","template":"","meta":{"footnotes":""},"class_list":["post-883","page","type-page","status-publish","hentry"],"yoast_head":"<!-- This site is optimized with the Yoast SEO plugin v24.9 - https:\/\/yoast.com\/wordpress\/plugins\/seo\/ -->\n<title>Portes pour Unit\u00e9s de Soins Intensifs - Grupsa Doors Systems France<\/title>\n<meta name=\"description\" content=\"Portes Herm\u00e9tiques (coulissantes, battantes et pivotantes) pour l\u2019acc\u00e8s aux Blocs op\u00e9ratoires, aux Zones Critiques et aux Salles Blanches\" \/>\n<meta name=\"robots\" content=\"index, follow, max-snippet:-1, max-image-preview:large, max-video-preview:-1\" \/>\n<link rel=\"canonical\" href=\"https:\/\/grupsa.fr\/index.php\/gammes-de-produits\/portes-pour-unites-de-soins-intensifs\/\" \/>\n<meta property=\"og:locale\" content=\"es_ES\" \/>\n<meta property=\"og:type\" content=\"article\" \/>\n<meta property=\"og:title\" content=\"Portes pour Unit\u00e9s de Soins Intensifs - Grupsa Doors Systems France\" \/>\n<meta property=\"og:description\" content=\"Portes Herm\u00e9tiques (coulissantes, battantes et pivotantes) pour l\u2019acc\u00e8s aux Blocs op\u00e9ratoires, aux Zones Critiques et aux Salles Blanches\" \/>\n<meta property=\"og:url\" content=\"https:\/\/grupsa.fr\/index.php\/gammes-de-produits\/portes-pour-unites-de-soins-intensifs\/\" \/>\n<meta property=\"og:site_name\" content=\"Grupsa Doors Systems France\" \/>\n<meta property=\"article:modified_time\" content=\"2021-03-01T12:22:09+00:00\" \/>\n<meta name=\"twitter:card\" content=\"summary_large_image\" \/>\n<meta name=\"twitter:label1\" content=\"Tiempo de lectura\" \/>\n\t<meta name=\"twitter:data1\" content=\"1 minuto\" \/>\n<script type=\"application\/ld+json\" class=\"yoast-schema-graph\">{\"@context\":\"https:\/\/schema.org\",\"@graph\":[{\"@type\":\"WebPage\",\"@id\":\"https:\/\/grupsa.fr\/index.php\/gammes-de-produits\/portes-pour-unites-de-soins-intensifs\/\",\"url\":\"https:\/\/grupsa.fr\/index.php\/gammes-de-produits\/portes-pour-unites-de-soins-intensifs\/\",\"name\":\"Portes pour Unit\u00e9s de Soins Intensifs - Grupsa Doors Systems France\",\"isPartOf\":{\"@id\":\"https:\/\/grupsa.fr\/#website\"},\"datePublished\":\"2021-03-01T12:07:56+00:00\",\"dateModified\":\"2021-03-01T12:22:09+00:00\",\"description\":\"Portes Herm\u00e9tiques (coulissantes, battantes et pivotantes) pour l\u2019acc\u00e8s aux Blocs op\u00e9ratoires, aux Zones Critiques et aux Salles Blanches\",\"breadcrumb\":{\"@id\":\"https:\/\/grupsa.fr\/index.php\/gammes-de-produits\/portes-pour-unites-de-soins-intensifs\/#breadcrumb\"},\"inLanguage\":\"es\",\"potentialAction\":[{\"@type\":\"ReadAction\",\"target\":[\"https:\/\/grupsa.fr\/index.php\/gammes-de-produits\/portes-pour-unites-de-soins-intensifs\/\"]}]},{\"@type\":\"BreadcrumbList\",\"@id\":\"https:\/\/grupsa.fr\/index.php\/gammes-de-produits\/portes-pour-unites-de-soins-intensifs\/#breadcrumb\",\"itemListElement\":[{\"@type\":\"ListItem\",\"position\":1,\"name\":\"Portada\",\"item\":\"https:\/\/grupsa.fr\/\"},{\"@type\":\"ListItem\",\"position\":2,\"name\":\"Gammes de produits\",\"item\":\"https:\/\/grupsa.fr\/index.php\/gammes-de-produits\/\"},{\"@type\":\"ListItem\",\"position\":3,\"name\":\"Portes pour Unit\u00e9s de Soins Intensifs\"}]},{\"@type\":\"WebSite\",\"@id\":\"https:\/\/grupsa.fr\/#website\",\"url\":\"https:\/\/grupsa.fr\/\",\"name\":\"Grupsa Doors Systems France\",\"description\":\"Fabricants de syst\u00e8mes de portes tournantes, portes automatiques, portes \u00e9tanches, ICU et autres installations pour salles d&#039;op\u00e9ration et syst\u00e8mes APG \/ PSD pour bus (BRT) et moyens de transport.\",\"publisher\":{\"@id\":\"https:\/\/grupsa.fr\/#organization\"},\"potentialAction\":[{\"@type\":\"SearchAction\",\"target\":{\"@type\":\"EntryPoint\",\"urlTemplate\":\"https:\/\/grupsa.fr\/?s={search_term_string}\"},\"query-input\":{\"@type\":\"PropertyValueSpecification\",\"valueRequired\":true,\"valueName\":\"search_term_string\"}}],\"inLanguage\":\"es\"},{\"@type\":\"Organization\",\"@id\":\"https:\/\/grupsa.fr\/#organization\",\"name\":\"Grupsa Doors Systems France\",\"url\":\"https:\/\/grupsa.fr\/\",\"logo\":{\"@type\":\"ImageObject\",\"inLanguage\":\"es\",\"@id\":\"https:\/\/grupsa.fr\/#\/schema\/logo\/image\/\",\"url\":\"https:\/\/grupsa.fr\/wp-content\/uploads\/2021\/03\/cropped-cropped-Grpusa-France-e1614588878665-1-e1614595037852.png\",\"contentUrl\":\"https:\/\/grupsa.fr\/wp-content\/uploads\/2021\/03\/cropped-cropped-Grpusa-France-e1614588878665-1-e1614595037852.png\",\"width\":125,\"height\":87,\"caption\":\"Grupsa Doors Systems France\"},\"image\":{\"@id\":\"https:\/\/grupsa.fr\/#\/schema\/logo\/image\/\"}}]}<\/script>\n<!-- \/ Yoast SEO plugin. -->","yoast_head_json":{"title":"Portes pour Unit\u00e9s de Soins Intensifs - Grupsa Doors Systems France","description":"Portes Herm\u00e9tiques (coulissantes, battantes et pivotantes) pour l\u2019acc\u00e8s aux Blocs op\u00e9ratoires, aux Zones Critiques et aux Salles Blanches","robots":{"index":"index","follow":"follow","max-snippet":"max-snippet:-1","max-image-preview":"max-image-preview:large","max-video-preview":"max-video-preview:-1"},"canonical":"https:\/\/grupsa.fr\/index.php\/gammes-de-produits\/portes-pour-unites-de-soins-intensifs\/","og_locale":"es_ES","og_type":"article","og_title":"Portes pour Unit\u00e9s de Soins Intensifs - Grupsa Doors Systems France","og_description":"Portes Herm\u00e9tiques (coulissantes, battantes et pivotantes) pour l\u2019acc\u00e8s aux Blocs op\u00e9ratoires, aux Zones Critiques et aux Salles Blanches","og_url":"https:\/\/grupsa.fr\/index.php\/gammes-de-produits\/portes-pour-unites-de-soins-intensifs\/","og_site_name":"Grupsa Doors Systems France","article_modified_time":"2021-03-01T12:22:09+00:00","twitter_card":"summary_large_image","twitter_misc":{"Tiempo de lectura":"1 minuto"},"schema":{"@context":"https:\/\/schema.org","@graph":[{"@type":"WebPage","@id":"https:\/\/grupsa.fr\/index.php\/gammes-de-produits\/portes-pour-unites-de-soins-intensifs\/","url":"https:\/\/grupsa.fr\/index.php\/gammes-de-produits\/portes-pour-unites-de-soins-intensifs\/","name":"Portes pour Unit\u00e9s de Soins Intensifs - Grupsa Doors Systems France","isPartOf":{"@id":"https:\/\/grupsa.fr\/#website"},"datePublished":"2021-03-01T12:07:56+00:00","dateModified":"2021-03-01T12:22:09+00:00","description":"Portes Herm\u00e9tiques (coulissantes, battantes et pivotantes) pour l\u2019acc\u00e8s aux Blocs op\u00e9ratoires, aux Zones Critiques et aux Salles Blanches","breadcrumb":{"@id":"https:\/\/grupsa.fr\/index.php\/gammes-de-produits\/portes-pour-unites-de-soins-intensifs\/#breadcrumb"},"inLanguage":"es","potentialAction":[{"@type":"ReadAction","target":["https:\/\/grupsa.fr\/index.php\/gammes-de-produits\/portes-pour-unites-de-soins-intensifs\/"]}]},{"@type":"BreadcrumbList","@id":"https:\/\/grupsa.fr\/index.php\/gammes-de-produits\/portes-pour-unites-de-soins-intensifs\/#breadcrumb","itemListElement":[{"@type":"ListItem","position":1,"name":"Portada","item":"https:\/\/grupsa.fr\/"},{"@type":"ListItem","position":2,"name":"Gammes de produits","item":"https:\/\/grupsa.fr\/index.php\/gammes-de-produits\/"},{"@type":"ListItem","position":3,"name":"Portes pour Unit\u00e9s de Soins Intensifs"}]},{"@type":"WebSite","@id":"https:\/\/grupsa.fr\/#website","url":"https:\/\/grupsa.fr\/","name":"Grupsa Doors Systems France","description":"Fabricants de syst\u00e8mes de portes tournantes, portes automatiques, portes \u00e9tanches, ICU et autres installations pour salles d&#039;op\u00e9ration et syst\u00e8mes APG \/ PSD pour bus (BRT) et moyens de transport.","publisher":{"@id":"https:\/\/grupsa.fr\/#organization"},"potentialAction":[{"@type":"SearchAction","target":{"@type":"EntryPoint","urlTemplate":"https:\/\/grupsa.fr\/?s={search_term_string}"},"query-input":{"@type":"PropertyValueSpecification","valueRequired":true,"valueName":"search_term_string"}}],"inLanguage":"es"},{"@type":"Organization","@id":"https:\/\/grupsa.fr\/#organization","name":"Grupsa Doors Systems France","url":"https:\/\/grupsa.fr\/","logo":{"@type":"ImageObject","inLanguage":"es","@id":"https:\/\/grupsa.fr\/#\/schema\/logo\/image\/","url":"https:\/\/grupsa.fr\/wp-content\/uploads\/2021\/03\/cropped-cropped-Grpusa-France-e1614588878665-1-e1614595037852.png","contentUrl":"https:\/\/grupsa.fr\/wp-content\/uploads\/2021\/03\/cropped-cropped-Grpusa-France-e1614588878665-1-e1614595037852.png","width":125,"height":87,"caption":"Grupsa Doors Systems France"},"image":{"@id":"https:\/\/grupsa.fr\/#\/schema\/logo\/image\/"}}]}},"_links":{"self":[{"href":"https:\/\/grupsa.fr\/index.php\/wp-json\/wp\/v2\/pages\/883","targetHints":{"allow":["GET"]}}],"collection":[{"href":"https:\/\/grupsa.fr\/index.php\/wp-json\/wp\/v2\/pages"}],"about":[{"href":"https:\/\/grupsa.fr\/index.php\/wp-json\/wp\/v2\/types\/page"}],"author":[{"embeddable":true,"href":"https:\/\/grupsa.fr\/index.php\/wp-json\/wp\/v2\/users\/1"}],"replies":[{"embeddable":true,"href":"https:\/\/grupsa.fr\/index.php\/wp-json\/wp\/v2\/comments?post=883"}],"version-history":[{"count":11,"href":"https:\/\/grupsa.fr\/index.php\/wp-json\/wp\/v2\/pages\/883\/revisions"}],"predecessor-version":[{"id":897,"href":"https:\/\/grupsa.fr\/index.php\/wp-json\/wp\/v2\/pages\/883\/revisions\/897"}],"up":[{"embeddable":true,"href":"https:\/\/grupsa.fr\/index.php\/wp-json\/wp\/v2\/pages\/801"}],"wp:attachment":[{"href":"https:\/\/grupsa.fr\/index.php\/wp-json\/wp\/v2\/media?parent=883"}],"curies":[{"name":"wp","href":"https:\/\/api.w.org\/{rel}","templated":true}]}}