{"id":846,"date":"2021-03-01T11:08:29","date_gmt":"2021-03-01T11:08:29","guid":{"rendered":"https:\/\/grupsa.fr\/?page_id=846"},"modified":"2021-03-01T11:18:41","modified_gmt":"2021-03-01T11:18:41","slug":"portes-etanches-pour-blocs-operatoires","status":"publish","type":"page","link":"https:\/\/grupsa.fr\/index.php\/gammes-de-produits\/portes-etanches-pour-blocs-operatoires\/","title":{"rendered":"Portes \u00c9tanches pour blocs op\u00e9ratoires"},"content":{"rendered":"<div id=\"pl-846\"  class=\"panel-layout\" ><div id=\"pg-846-0\"  class=\"panel-grid panel-no-style\" ><div id=\"pgc-846-0-0\"  class=\"panel-grid-cell\" ><div id=\"panel-846-0-0-0\" class=\"so-panel widget widget_themegrill_flash_image tg-widget tg-image-widget panel-first-child\" data-index=\"0\" >\t<img decoding=\"async\" src=\"https:\/\/grupsa.fr\/wp-content\/uploads\/2021\/03\/Hospital-La-Linea.jpg\" \/>\n<\/div><div id=\"panel-846-0-0-1\" class=\"so-panel widget widget_themegrill_flash_heading tg-widget section-title-wrapper\" data-index=\"1\" ><div class=\"flash_inherit_color panel-widget-style panel-widget-style-for-846-0-0-1\" >\t<h3 class=\"section-title\">Hospital System<\/h3>\n\t<div class=\"section-description\">Portes \u00c9tanches pour Blocs Op\u00e9ratoires<\/div>\n<\/div><\/div><div id=\"panel-846-0-0-2\" class=\"so-panel widget widget_text\" data-index=\"2\" >\t\t\t<div class=\"textwidget\"><p>Hospital System est un large \u00e9ventail d\u2019\u00e9quipements et de syst\u00e8mes pour le bloc chirurgical, salles blanches et les zones critiques de l\u2019h\u00f4pital. Nos produits sont caract\u00e9ris\u00e9s par la qualit\u00e9 sup\u00e9rieure de la mati\u00e8re premi\u00e8re, l\u2019entretien r\u00e9duit et un nettoyage facile.<\/p>\n<p>Cette gamme de produits comprend :<\/p>\n<ul>\n<li><strong>Portes \u00c9tanches (<\/strong>coulissantes, battantes et pivotantes) pour l\u2019acc\u00e8s aux\u00a0<strong>Blocs op\u00e9ratoires, aux Zones Critiques et aux Salles Blanches<\/strong>, disponibles en diff\u00e9rents mat\u00e9riaux (Acier Inoxydable, Lamin\u00e9 Antibact\u00e9rien \u00e0 haute pression, HPL ou Vitr\u00e9) et options (avec protection r\u00e9sistance au feu, isolation sonore&#8230;).<\/li>\n<li><strong>Installations pour la zone chirurgicale<\/strong>\u00a0(fen\u00eatres de guillotine, transfert pour le passage des mat\u00e9riels, transfert de patients, fen\u00eatres d\u2019observation, etc.).<\/li>\n<\/ul>\n<\/div>\n\t\t<\/div><div id=\"panel-846-0-0-3\" class=\"widget_text so-panel widget widget_custom_html panel-last-child\" data-index=\"3\" ><div class=\"textwidget custom-html-widget\"><a id=\"boton\" href=\"https:\/\/workdrive.zohopublic.eu\/external\/SRSjXvekmQ-lU0Qq7\">Voir catalogue<\/a>\n<\/div><\/div><\/div><\/div><div id=\"pg-846-1\"  class=\"panel-grid panel-has-style\" ><div class=\"panel-row-style panel-row-style-for-846-1\" ><div id=\"pgc-846-1-0\"  class=\"panel-grid-cell\" ><div id=\"panel-846-1-0-0\" class=\"so-panel widget widget_themegrill_flash_image tg-widget tg-image-widget panel-first-child\" data-index=\"4\" >\t<img decoding=\"async\" src=\"https:\/\/grupsa.fr\/wp-content\/uploads\/2021\/03\/Hospital-System.jpg\" \/>\n<\/div><div id=\"panel-846-1-0-1\" class=\"so-panel widget widget_text panel-last-child\" data-index=\"5\" >\t\t\t<div class=\"textwidget\"><p>Les\u00a0<strong>Portes Coulissantes ou Battantes \u00e0 Fermeture Herm\u00e9tique de la gamme Hospital System<\/strong>\u00a0sont la solution int\u00e9grale pour les\u00a0<strong>Blocs op\u00e9ratoires<\/strong>\u00a0ou les Salles blanches, car elles maintiennent le diff\u00e9rentiel de pression entre l\u2019int\u00e9rieur et l\u2019ext\u00e9rieur de\u00a0la salle d\u2019op\u00e9ration ou de la zone chirurgicale.<\/p>\n<\/div>\n\t\t<\/div><\/div><div id=\"pgc-846-1-1\"  class=\"panel-grid-cell\" ><div id=\"panel-846-1-1-0\" class=\"so-panel widget widget_themegrill_flash_image tg-widget tg-image-widget panel-first-child\" data-index=\"6\" >\t<img decoding=\"async\" src=\"https:\/\/grupsa.fr\/wp-content\/uploads\/2021\/03\/Instalaciones.jpg\" \/>\n<\/div><div id=\"panel-846-1-1-1\" class=\"so-panel widget widget_text panel-last-child\" data-index=\"7\" >\t\t\t<div class=\"textwidget\"><p>La gamme\u00a0<strong>Hospital System<\/strong>\u00a0comprend une large gamme d\u2019installations pour la zone critique et le bloc chirurgical qui permettent de compl\u00e9ter votre projet hospitalier avec le meilleur \u00e9quipement qui emp\u00eache la contamination crois\u00e9e des agents pathog\u00e8nes et facilite le travail des professionnels de la sant\u00e9.<\/p>\n<\/div>\n\t\t<\/div><\/div><\/div><\/div><\/div>","protected":false},"excerpt":{"rendered":"<p>Hospital System est un large \u00e9ventail d\u2019\u00e9quipements et de syst\u00e8mes pour le bloc chirurgical, salles blanches et les zones critiques [&hellip;]<\/p>\n","protected":false},"author":1,"featured_media":0,"parent":801,"menu_order":2,"comment_status":"closed","ping_status":"closed","template":"","meta":{"footnotes":""},"class_list":["post-846","page","type-page","status-publish","hentry"],"yoast_head":"<!-- This site is optimized with the Yoast SEO plugin v24.9 - https:\/\/yoast.com\/wordpress\/plugins\/seo\/ -->\n<title>Portes \u00c9tanches pour blocs op\u00e9ratoires - Grupsa Doors Systems France<\/title>\n<meta name=\"description\" content=\"Portes Herm\u00e9tiques (coulissantes, battantes et pivotantes) pour l\u2019acc\u00e8s aux Blocs op\u00e9ratoires, aux Zones Critiques et aux Salles Blanches\" \/>\n<meta name=\"robots\" content=\"index, follow, max-snippet:-1, max-image-preview:large, max-video-preview:-1\" \/>\n<link rel=\"canonical\" href=\"https:\/\/grupsa.fr\/index.php\/gammes-de-produits\/portes-etanches-pour-blocs-operatoires\/\" \/>\n<meta property=\"og:locale\" content=\"es_ES\" \/>\n<meta property=\"og:type\" content=\"article\" \/>\n<meta property=\"og:title\" content=\"Portes \u00c9tanches pour blocs op\u00e9ratoires - Grupsa Doors Systems France\" \/>\n<meta property=\"og:description\" content=\"Portes Herm\u00e9tiques (coulissantes, battantes et pivotantes) pour l\u2019acc\u00e8s aux Blocs op\u00e9ratoires, aux Zones Critiques et aux Salles Blanches\" \/>\n<meta property=\"og:url\" content=\"https:\/\/grupsa.fr\/index.php\/gammes-de-produits\/portes-etanches-pour-blocs-operatoires\/\" \/>\n<meta property=\"og:site_name\" content=\"Grupsa Doors Systems France\" \/>\n<meta property=\"article:modified_time\" content=\"2021-03-01T11:18:41+00:00\" \/>\n<meta name=\"twitter:card\" content=\"summary_large_image\" \/>\n<meta name=\"twitter:label1\" content=\"Tiempo de lectura\" \/>\n\t<meta name=\"twitter:data1\" content=\"1 minuto\" \/>\n<script type=\"application\/ld+json\" class=\"yoast-schema-graph\">{\"@context\":\"https:\/\/schema.org\",\"@graph\":[{\"@type\":\"WebPage\",\"@id\":\"https:\/\/grupsa.fr\/index.php\/gammes-de-produits\/portes-etanches-pour-blocs-operatoires\/\",\"url\":\"https:\/\/grupsa.fr\/index.php\/gammes-de-produits\/portes-etanches-pour-blocs-operatoires\/\",\"name\":\"Portes \u00c9tanches pour blocs op\u00e9ratoires - Grupsa Doors Systems France\",\"isPartOf\":{\"@id\":\"https:\/\/grupsa.fr\/#website\"},\"datePublished\":\"2021-03-01T11:08:29+00:00\",\"dateModified\":\"2021-03-01T11:18:41+00:00\",\"description\":\"Portes Herm\u00e9tiques (coulissantes, battantes et pivotantes) pour l\u2019acc\u00e8s aux Blocs op\u00e9ratoires, aux Zones Critiques et aux Salles Blanches\",\"breadcrumb\":{\"@id\":\"https:\/\/grupsa.fr\/index.php\/gammes-de-produits\/portes-etanches-pour-blocs-operatoires\/#breadcrumb\"},\"inLanguage\":\"es\",\"potentialAction\":[{\"@type\":\"ReadAction\",\"target\":[\"https:\/\/grupsa.fr\/index.php\/gammes-de-produits\/portes-etanches-pour-blocs-operatoires\/\"]}]},{\"@type\":\"BreadcrumbList\",\"@id\":\"https:\/\/grupsa.fr\/index.php\/gammes-de-produits\/portes-etanches-pour-blocs-operatoires\/#breadcrumb\",\"itemListElement\":[{\"@type\":\"ListItem\",\"position\":1,\"name\":\"Portada\",\"item\":\"https:\/\/grupsa.fr\/\"},{\"@type\":\"ListItem\",\"position\":2,\"name\":\"Gammes de produits\",\"item\":\"https:\/\/grupsa.fr\/index.php\/gammes-de-produits\/\"},{\"@type\":\"ListItem\",\"position\":3,\"name\":\"Portes \u00c9tanches pour blocs op\u00e9ratoires\"}]},{\"@type\":\"WebSite\",\"@id\":\"https:\/\/grupsa.fr\/#website\",\"url\":\"https:\/\/grupsa.fr\/\",\"name\":\"Grupsa Doors Systems France\",\"description\":\"Fabricants de syst\u00e8mes de portes tournantes, portes automatiques, portes \u00e9tanches, ICU et autres installations pour salles d&#039;op\u00e9ration et syst\u00e8mes APG \/ PSD pour bus (BRT) et moyens de transport.\",\"publisher\":{\"@id\":\"https:\/\/grupsa.fr\/#organization\"},\"potentialAction\":[{\"@type\":\"SearchAction\",\"target\":{\"@type\":\"EntryPoint\",\"urlTemplate\":\"https:\/\/grupsa.fr\/?s={search_term_string}\"},\"query-input\":{\"@type\":\"PropertyValueSpecification\",\"valueRequired\":true,\"valueName\":\"search_term_string\"}}],\"inLanguage\":\"es\"},{\"@type\":\"Organization\",\"@id\":\"https:\/\/grupsa.fr\/#organization\",\"name\":\"Grupsa Doors Systems France\",\"url\":\"https:\/\/grupsa.fr\/\",\"logo\":{\"@type\":\"ImageObject\",\"inLanguage\":\"es\",\"@id\":\"https:\/\/grupsa.fr\/#\/schema\/logo\/image\/\",\"url\":\"https:\/\/grupsa.fr\/wp-content\/uploads\/2021\/03\/cropped-cropped-Grpusa-France-e1614588878665-1-e1614595037852.png\",\"contentUrl\":\"https:\/\/grupsa.fr\/wp-content\/uploads\/2021\/03\/cropped-cropped-Grpusa-France-e1614588878665-1-e1614595037852.png\",\"width\":125,\"height\":87,\"caption\":\"Grupsa Doors Systems France\"},\"image\":{\"@id\":\"https:\/\/grupsa.fr\/#\/schema\/logo\/image\/\"}}]}<\/script>\n<!-- \/ Yoast SEO plugin. -->","yoast_head_json":{"title":"Portes \u00c9tanches pour blocs op\u00e9ratoires - Grupsa Doors Systems France","description":"Portes Herm\u00e9tiques (coulissantes, battantes et pivotantes) pour l\u2019acc\u00e8s aux Blocs op\u00e9ratoires, aux Zones Critiques et aux Salles Blanches","robots":{"index":"index","follow":"follow","max-snippet":"max-snippet:-1","max-image-preview":"max-image-preview:large","max-video-preview":"max-video-preview:-1"},"canonical":"https:\/\/grupsa.fr\/index.php\/gammes-de-produits\/portes-etanches-pour-blocs-operatoires\/","og_locale":"es_ES","og_type":"article","og_title":"Portes \u00c9tanches pour blocs op\u00e9ratoires - Grupsa Doors Systems France","og_description":"Portes Herm\u00e9tiques (coulissantes, battantes et pivotantes) pour l\u2019acc\u00e8s aux Blocs op\u00e9ratoires, aux Zones Critiques et aux Salles Blanches","og_url":"https:\/\/grupsa.fr\/index.php\/gammes-de-produits\/portes-etanches-pour-blocs-operatoires\/","og_site_name":"Grupsa Doors Systems France","article_modified_time":"2021-03-01T11:18:41+00:00","twitter_card":"summary_large_image","twitter_misc":{"Tiempo de lectura":"1 minuto"},"schema":{"@context":"https:\/\/schema.org","@graph":[{"@type":"WebPage","@id":"https:\/\/grupsa.fr\/index.php\/gammes-de-produits\/portes-etanches-pour-blocs-operatoires\/","url":"https:\/\/grupsa.fr\/index.php\/gammes-de-produits\/portes-etanches-pour-blocs-operatoires\/","name":"Portes \u00c9tanches pour blocs op\u00e9ratoires - Grupsa Doors Systems France","isPartOf":{"@id":"https:\/\/grupsa.fr\/#website"},"datePublished":"2021-03-01T11:08:29+00:00","dateModified":"2021-03-01T11:18:41+00:00","description":"Portes Herm\u00e9tiques (coulissantes, battantes et pivotantes) pour l\u2019acc\u00e8s aux Blocs op\u00e9ratoires, aux Zones Critiques et aux Salles Blanches","breadcrumb":{"@id":"https:\/\/grupsa.fr\/index.php\/gammes-de-produits\/portes-etanches-pour-blocs-operatoires\/#breadcrumb"},"inLanguage":"es","potentialAction":[{"@type":"ReadAction","target":["https:\/\/grupsa.fr\/index.php\/gammes-de-produits\/portes-etanches-pour-blocs-operatoires\/"]}]},{"@type":"BreadcrumbList","@id":"https:\/\/grupsa.fr\/index.php\/gammes-de-produits\/portes-etanches-pour-blocs-operatoires\/#breadcrumb","itemListElement":[{"@type":"ListItem","position":1,"name":"Portada","item":"https:\/\/grupsa.fr\/"},{"@type":"ListItem","position":2,"name":"Gammes de produits","item":"https:\/\/grupsa.fr\/index.php\/gammes-de-produits\/"},{"@type":"ListItem","position":3,"name":"Portes \u00c9tanches pour blocs op\u00e9ratoires"}]},{"@type":"WebSite","@id":"https:\/\/grupsa.fr\/#website","url":"https:\/\/grupsa.fr\/","name":"Grupsa Doors Systems France","description":"Fabricants de syst\u00e8mes de portes tournantes, portes automatiques, portes \u00e9tanches, ICU et autres installations pour salles d&#039;op\u00e9ration et syst\u00e8mes APG \/ PSD pour bus (BRT) et moyens de transport.","publisher":{"@id":"https:\/\/grupsa.fr\/#organization"},"potentialAction":[{"@type":"SearchAction","target":{"@type":"EntryPoint","urlTemplate":"https:\/\/grupsa.fr\/?s={search_term_string}"},"query-input":{"@type":"PropertyValueSpecification","valueRequired":true,"valueName":"search_term_string"}}],"inLanguage":"es"},{"@type":"Organization","@id":"https:\/\/grupsa.fr\/#organization","name":"Grupsa Doors Systems France","url":"https:\/\/grupsa.fr\/","logo":{"@type":"ImageObject","inLanguage":"es","@id":"https:\/\/grupsa.fr\/#\/schema\/logo\/image\/","url":"https:\/\/grupsa.fr\/wp-content\/uploads\/2021\/03\/cropped-cropped-Grpusa-France-e1614588878665-1-e1614595037852.png","contentUrl":"https:\/\/grupsa.fr\/wp-content\/uploads\/2021\/03\/cropped-cropped-Grpusa-France-e1614588878665-1-e1614595037852.png","width":125,"height":87,"caption":"Grupsa Doors Systems France"},"image":{"@id":"https:\/\/grupsa.fr\/#\/schema\/logo\/image\/"}}]}},"_links":{"self":[{"href":"https:\/\/grupsa.fr\/index.php\/wp-json\/wp\/v2\/pages\/846","targetHints":{"allow":["GET"]}}],"collection":[{"href":"https:\/\/grupsa.fr\/index.php\/wp-json\/wp\/v2\/pages"}],"about":[{"href":"https:\/\/grupsa.fr\/index.php\/wp-json\/wp\/v2\/types\/page"}],"author":[{"embeddable":true,"href":"https:\/\/grupsa.fr\/index.php\/wp-json\/wp\/v2\/users\/1"}],"replies":[{"embeddable":true,"href":"https:\/\/grupsa.fr\/index.php\/wp-json\/wp\/v2\/comments?post=846"}],"version-history":[{"count":8,"href":"https:\/\/grupsa.fr\/index.php\/wp-json\/wp\/v2\/pages\/846\/revisions"}],"predecessor-version":[{"id":855,"href":"https:\/\/grupsa.fr\/index.php\/wp-json\/wp\/v2\/pages\/846\/revisions\/855"}],"up":[{"embeddable":true,"href":"https:\/\/grupsa.fr\/index.php\/wp-json\/wp\/v2\/pages\/801"}],"wp:attachment":[{"href":"https:\/\/grupsa.fr\/index.php\/wp-json\/wp\/v2\/media?parent=846"}],"curies":[{"name":"wp","href":"https:\/\/api.w.org\/{rel}","templated":true}]}}