{"id":821,"date":"2021-03-01T11:05:19","date_gmt":"2021-03-01T11:05:19","guid":{"rendered":"https:\/\/grupsa.fr\/?page_id=821"},"modified":"2021-03-01T11:05:52","modified_gmt":"2021-03-01T11:05:52","slug":"salles-doperation-modulaires","status":"publish","type":"page","link":"https:\/\/grupsa.fr\/index.php\/gammes-de-produits\/salles-doperation-modulaires\/","title":{"rendered":"Salles d&#8217;op\u00e9ration modulaires"},"content":{"rendered":"<div id=\"pl-821\"  class=\"panel-layout\" ><div id=\"pg-821-0\"  class=\"panel-grid panel-no-style\" ><div id=\"pgc-821-0-0\"  class=\"panel-grid-cell\" ><div id=\"panel-821-0-0-0\" class=\"so-panel widget widget_themegrill_flash_image tg-widget tg-image-widget panel-first-child\" data-index=\"0\" >\t<img decoding=\"async\" src=\"https:\/\/grupsa.fr\/wp-content\/uploads\/2021\/03\/clean-system.jpg\" \/>\n<\/div><div id=\"panel-821-0-0-1\" class=\"so-panel widget widget_themegrill_flash_heading tg-widget section-title-wrapper\" data-index=\"1\" ><div class=\"flash_inherit_color panel-widget-style panel-widget-style-for-821-0-0-1\" >\t<h3 class=\"section-title\">CLEAN SYSTEM<\/h3>\n\t<div class=\"section-description\">SALLES D\u2019OPERATION ET ZONES CRITIQUES MODULAIRES<\/div>\n<\/div><\/div><div id=\"panel-821-0-0-2\" class=\"so-panel widget widget_text\" data-index=\"2\" >\t\t\t<div class=\"textwidget\"><p><strong>Clean System<\/strong>\u00a0est notre syst\u00e8me de conception, de planification, de construction et d\u2019installation de\u00a0<strong>Blocs op\u00e9ratoires Modulaires et Int\u00e9gr\u00e9s\u00a0<\/strong>et zones critiques (Soins intensifs, USI, Zones Pr\u00e9anesth\u00e9siques, Couloirs Propres, Salles Blanches\u2026) d\u2019une mani\u00e8re \u00e9volutive et personnalis\u00e9e avec les derni\u00e8res technologies dans l\u2019\u00e9quipement et la domotique.<\/p>\n<p>Notre syst\u00e8me permet l\u2019installation d\u2019une zone chirurgicale avec des temps d\u2019ex\u00e9cution r\u00e9duits tels qu\u2019une longue dur\u00e9e de vie, en raison de son faible co\u00fbt d\u2019entretien et d\u2019un acc\u00e8s facile et simple aux installations.<\/p>\n<p>Notre ligne\u00a0<strong>Clean System\u00a0<\/strong><strong>inclut:<\/strong><\/p>\n<ul>\n<li><strong>Sous-structure<\/strong>\u00a0en acier galvanis\u00e9 \u00e0 haute r\u00e9sistance et durabilit\u00e9<\/li>\n<li><strong>Panneau lateral\u00a0<\/strong>en acier inoxydable, stratifi\u00e9 antibact\u00e9rien \u00e0 haute pression (HPL) ou en verre.<\/li>\n<li><strong>Plafonds sous pression<\/strong><\/li>\n<li><strong>Portes coulissantes ou battantes avec fermeture herm\u00e9tique<\/strong>\u00a0et vastes passages libres pour le personnel et les civi\u00e8res de notre gamme\u00a0<strong>Hospital System<\/strong><\/li>\n<li><strong>Plancher de vinyle<\/strong>\u00a0conducteur antid\u00e9rapant<\/li>\n<li><strong>Syst\u00e8me climatique<\/strong>\u00a0compos\u00e9 de filtres HEPA (Flux Laminaire ou Flux Turbulent)<\/li>\n<li><strong>Protection radiologique<\/strong>\u00a0pour les zones chirurgicales avec imagerie diagnostique<\/li>\n<li><strong>\u00c9clairage\u00a0<\/strong>LED<\/li>\n<li>Syst\u00e8mes de\u00a0<strong>contr\u00f4le et de domotique<\/strong><\/li>\n<\/ul>\n<\/div>\n\t\t<\/div><div id=\"panel-821-0-0-3\" class=\"widget_text so-panel widget widget_custom_html panel-last-child\" data-index=\"3\" ><div class=\"textwidget custom-html-widget\"><a id=\"boton\" href=\"https:\/\/workdrive.zohopublic.eu\/external\/SRSjXvekmQ-lU0Qq7\">Voir catalogue<\/a>\n<\/div><\/div><\/div><\/div><div id=\"pg-821-1\"  class=\"panel-grid panel-has-style\" ><div class=\"panel-row-style panel-row-style-for-821-1\" ><div id=\"pgc-821-1-0\"  class=\"panel-grid-cell\" ><div id=\"panel-821-1-0-0\" class=\"so-panel widget widget_themegrill_flash_image tg-widget tg-image-widget panel-first-child panel-last-child\" data-index=\"4\" >\t<img decoding=\"async\" src=\"https:\/\/grupsa.fr\/wp-content\/uploads\/2021\/03\/Francia-Strasbourg-Hospital-IHI-scaled.jpg\" \/>\n<\/div><\/div><div id=\"pgc-821-1-1\"  class=\"panel-grid-cell\" ><div id=\"panel-821-1-1-0\" class=\"so-panel widget widget_themegrill_flash_image tg-widget tg-image-widget panel-first-child panel-last-child\" data-index=\"5\" >\t<img decoding=\"async\" src=\"https:\/\/grupsa.fr\/wp-content\/uploads\/2021\/03\/Hospital-Ovalle-chile-scaled.jpg\" \/>\n<\/div><\/div><\/div><\/div><\/div>","protected":false},"excerpt":{"rendered":"<p>Clean System\u00a0est notre syst\u00e8me de conception, de planification, de construction et d\u2019installation de\u00a0Blocs op\u00e9ratoires Modulaires et Int\u00e9gr\u00e9s\u00a0et zones critiques (Soins [&hellip;]<\/p>\n","protected":false},"author":1,"featured_media":0,"parent":801,"menu_order":1,"comment_status":"closed","ping_status":"closed","template":"","meta":{"footnotes":""},"class_list":["post-821","page","type-page","status-publish","hentry"],"yoast_head":"<!-- This site is optimized with the Yoast SEO plugin v24.9 - https:\/\/yoast.com\/wordpress\/plugins\/seo\/ -->\n<title>Salles d&#039;op\u00e9ration modulaires - Grupsa Doors Systems France<\/title>\n<meta name=\"description\" content=\"Clean System est notre syst\u00e8me de conception, de construction et d\u2019installation de Blocs op\u00e9ratoires Modulaires et Int\u00e9gr\u00e9s et zones critiques.\" \/>\n<meta name=\"robots\" content=\"index, follow, max-snippet:-1, max-image-preview:large, max-video-preview:-1\" \/>\n<link rel=\"canonical\" href=\"https:\/\/grupsa.fr\/index.php\/gammes-de-produits\/salles-doperation-modulaires\/\" \/>\n<meta property=\"og:locale\" content=\"es_ES\" \/>\n<meta property=\"og:type\" content=\"article\" \/>\n<meta property=\"og:title\" content=\"Salles d&#039;op\u00e9ration modulaires - Grupsa Doors Systems France\" \/>\n<meta property=\"og:description\" content=\"Clean System est notre syst\u00e8me de conception, de construction et d\u2019installation de Blocs op\u00e9ratoires Modulaires et Int\u00e9gr\u00e9s et zones critiques.\" \/>\n<meta property=\"og:url\" content=\"https:\/\/grupsa.fr\/index.php\/gammes-de-produits\/salles-doperation-modulaires\/\" \/>\n<meta property=\"og:site_name\" content=\"Grupsa Doors Systems France\" \/>\n<meta property=\"article:modified_time\" content=\"2021-03-01T11:05:52+00:00\" \/>\n<meta name=\"twitter:card\" content=\"summary_large_image\" \/>\n<meta name=\"twitter:label1\" content=\"Tiempo de lectura\" \/>\n\t<meta name=\"twitter:data1\" content=\"1 minuto\" \/>\n<script type=\"application\/ld+json\" class=\"yoast-schema-graph\">{\"@context\":\"https:\/\/schema.org\",\"@graph\":[{\"@type\":\"WebPage\",\"@id\":\"https:\/\/grupsa.fr\/index.php\/gammes-de-produits\/salles-doperation-modulaires\/\",\"url\":\"https:\/\/grupsa.fr\/index.php\/gammes-de-produits\/salles-doperation-modulaires\/\",\"name\":\"Salles d'op\u00e9ration modulaires - Grupsa Doors Systems France\",\"isPartOf\":{\"@id\":\"https:\/\/grupsa.fr\/#website\"},\"datePublished\":\"2021-03-01T11:05:19+00:00\",\"dateModified\":\"2021-03-01T11:05:52+00:00\",\"description\":\"Clean System est notre syst\u00e8me de conception, de construction et d\u2019installation de Blocs op\u00e9ratoires Modulaires et Int\u00e9gr\u00e9s et zones critiques.\",\"breadcrumb\":{\"@id\":\"https:\/\/grupsa.fr\/index.php\/gammes-de-produits\/salles-doperation-modulaires\/#breadcrumb\"},\"inLanguage\":\"es\",\"potentialAction\":[{\"@type\":\"ReadAction\",\"target\":[\"https:\/\/grupsa.fr\/index.php\/gammes-de-produits\/salles-doperation-modulaires\/\"]}]},{\"@type\":\"BreadcrumbList\",\"@id\":\"https:\/\/grupsa.fr\/index.php\/gammes-de-produits\/salles-doperation-modulaires\/#breadcrumb\",\"itemListElement\":[{\"@type\":\"ListItem\",\"position\":1,\"name\":\"Portada\",\"item\":\"https:\/\/grupsa.fr\/\"},{\"@type\":\"ListItem\",\"position\":2,\"name\":\"Gammes de produits\",\"item\":\"https:\/\/grupsa.fr\/index.php\/gammes-de-produits\/\"},{\"@type\":\"ListItem\",\"position\":3,\"name\":\"Salles d&#8217;op\u00e9ration modulaires\"}]},{\"@type\":\"WebSite\",\"@id\":\"https:\/\/grupsa.fr\/#website\",\"url\":\"https:\/\/grupsa.fr\/\",\"name\":\"Grupsa Doors Systems France\",\"description\":\"Fabricants de syst\u00e8mes de portes tournantes, portes automatiques, portes \u00e9tanches, ICU et autres installations pour salles d&#039;op\u00e9ration et syst\u00e8mes APG \/ PSD pour bus (BRT) et moyens de transport.\",\"publisher\":{\"@id\":\"https:\/\/grupsa.fr\/#organization\"},\"potentialAction\":[{\"@type\":\"SearchAction\",\"target\":{\"@type\":\"EntryPoint\",\"urlTemplate\":\"https:\/\/grupsa.fr\/?s={search_term_string}\"},\"query-input\":{\"@type\":\"PropertyValueSpecification\",\"valueRequired\":true,\"valueName\":\"search_term_string\"}}],\"inLanguage\":\"es\"},{\"@type\":\"Organization\",\"@id\":\"https:\/\/grupsa.fr\/#organization\",\"name\":\"Grupsa Doors Systems France\",\"url\":\"https:\/\/grupsa.fr\/\",\"logo\":{\"@type\":\"ImageObject\",\"inLanguage\":\"es\",\"@id\":\"https:\/\/grupsa.fr\/#\/schema\/logo\/image\/\",\"url\":\"https:\/\/grupsa.fr\/wp-content\/uploads\/2021\/03\/cropped-cropped-Grpusa-France-e1614588878665-1-e1614595037852.png\",\"contentUrl\":\"https:\/\/grupsa.fr\/wp-content\/uploads\/2021\/03\/cropped-cropped-Grpusa-France-e1614588878665-1-e1614595037852.png\",\"width\":125,\"height\":87,\"caption\":\"Grupsa Doors Systems France\"},\"image\":{\"@id\":\"https:\/\/grupsa.fr\/#\/schema\/logo\/image\/\"}}]}<\/script>\n<!-- \/ Yoast SEO plugin. -->","yoast_head_json":{"title":"Salles d'op\u00e9ration modulaires - Grupsa Doors Systems France","description":"Clean System est notre syst\u00e8me de conception, de construction et d\u2019installation de Blocs op\u00e9ratoires Modulaires et Int\u00e9gr\u00e9s et zones critiques.","robots":{"index":"index","follow":"follow","max-snippet":"max-snippet:-1","max-image-preview":"max-image-preview:large","max-video-preview":"max-video-preview:-1"},"canonical":"https:\/\/grupsa.fr\/index.php\/gammes-de-produits\/salles-doperation-modulaires\/","og_locale":"es_ES","og_type":"article","og_title":"Salles d'op\u00e9ration modulaires - Grupsa Doors Systems France","og_description":"Clean System est notre syst\u00e8me de conception, de construction et d\u2019installation de Blocs op\u00e9ratoires Modulaires et Int\u00e9gr\u00e9s et zones critiques.","og_url":"https:\/\/grupsa.fr\/index.php\/gammes-de-produits\/salles-doperation-modulaires\/","og_site_name":"Grupsa Doors Systems France","article_modified_time":"2021-03-01T11:05:52+00:00","twitter_card":"summary_large_image","twitter_misc":{"Tiempo de lectura":"1 minuto"},"schema":{"@context":"https:\/\/schema.org","@graph":[{"@type":"WebPage","@id":"https:\/\/grupsa.fr\/index.php\/gammes-de-produits\/salles-doperation-modulaires\/","url":"https:\/\/grupsa.fr\/index.php\/gammes-de-produits\/salles-doperation-modulaires\/","name":"Salles d'op\u00e9ration modulaires - Grupsa Doors Systems France","isPartOf":{"@id":"https:\/\/grupsa.fr\/#website"},"datePublished":"2021-03-01T11:05:19+00:00","dateModified":"2021-03-01T11:05:52+00:00","description":"Clean System est notre syst\u00e8me de conception, de construction et d\u2019installation de Blocs op\u00e9ratoires Modulaires et Int\u00e9gr\u00e9s et zones critiques.","breadcrumb":{"@id":"https:\/\/grupsa.fr\/index.php\/gammes-de-produits\/salles-doperation-modulaires\/#breadcrumb"},"inLanguage":"es","potentialAction":[{"@type":"ReadAction","target":["https:\/\/grupsa.fr\/index.php\/gammes-de-produits\/salles-doperation-modulaires\/"]}]},{"@type":"BreadcrumbList","@id":"https:\/\/grupsa.fr\/index.php\/gammes-de-produits\/salles-doperation-modulaires\/#breadcrumb","itemListElement":[{"@type":"ListItem","position":1,"name":"Portada","item":"https:\/\/grupsa.fr\/"},{"@type":"ListItem","position":2,"name":"Gammes de produits","item":"https:\/\/grupsa.fr\/index.php\/gammes-de-produits\/"},{"@type":"ListItem","position":3,"name":"Salles d&#8217;op\u00e9ration modulaires"}]},{"@type":"WebSite","@id":"https:\/\/grupsa.fr\/#website","url":"https:\/\/grupsa.fr\/","name":"Grupsa Doors Systems France","description":"Fabricants de syst\u00e8mes de portes tournantes, portes automatiques, portes \u00e9tanches, ICU et autres installations pour salles d&#039;op\u00e9ration et syst\u00e8mes APG \/ PSD pour bus (BRT) et moyens de transport.","publisher":{"@id":"https:\/\/grupsa.fr\/#organization"},"potentialAction":[{"@type":"SearchAction","target":{"@type":"EntryPoint","urlTemplate":"https:\/\/grupsa.fr\/?s={search_term_string}"},"query-input":{"@type":"PropertyValueSpecification","valueRequired":true,"valueName":"search_term_string"}}],"inLanguage":"es"},{"@type":"Organization","@id":"https:\/\/grupsa.fr\/#organization","name":"Grupsa Doors Systems France","url":"https:\/\/grupsa.fr\/","logo":{"@type":"ImageObject","inLanguage":"es","@id":"https:\/\/grupsa.fr\/#\/schema\/logo\/image\/","url":"https:\/\/grupsa.fr\/wp-content\/uploads\/2021\/03\/cropped-cropped-Grpusa-France-e1614588878665-1-e1614595037852.png","contentUrl":"https:\/\/grupsa.fr\/wp-content\/uploads\/2021\/03\/cropped-cropped-Grpusa-France-e1614588878665-1-e1614595037852.png","width":125,"height":87,"caption":"Grupsa Doors Systems France"},"image":{"@id":"https:\/\/grupsa.fr\/#\/schema\/logo\/image\/"}}]}},"_links":{"self":[{"href":"https:\/\/grupsa.fr\/index.php\/wp-json\/wp\/v2\/pages\/821","targetHints":{"allow":["GET"]}}],"collection":[{"href":"https:\/\/grupsa.fr\/index.php\/wp-json\/wp\/v2\/pages"}],"about":[{"href":"https:\/\/grupsa.fr\/index.php\/wp-json\/wp\/v2\/types\/page"}],"author":[{"embeddable":true,"href":"https:\/\/grupsa.fr\/index.php\/wp-json\/wp\/v2\/users\/1"}],"replies":[{"embeddable":true,"href":"https:\/\/grupsa.fr\/index.php\/wp-json\/wp\/v2\/comments?post=821"}],"version-history":[{"count":4,"href":"https:\/\/grupsa.fr\/index.php\/wp-json\/wp\/v2\/pages\/821\/revisions"}],"predecessor-version":[{"id":840,"href":"https:\/\/grupsa.fr\/index.php\/wp-json\/wp\/v2\/pages\/821\/revisions\/840"}],"up":[{"embeddable":true,"href":"https:\/\/grupsa.fr\/index.php\/wp-json\/wp\/v2\/pages\/801"}],"wp:attachment":[{"href":"https:\/\/grupsa.fr\/index.php\/wp-json\/wp\/v2\/media?parent=821"}],"curies":[{"name":"wp","href":"https:\/\/api.w.org\/{rel}","templated":true}]}}