{"id":790,"date":"2021-03-01T10:42:48","date_gmt":"2021-03-01T10:42:48","guid":{"rendered":"https:\/\/grupsa.fr\/?page_id=790"},"modified":"2021-03-01T11:43:43","modified_gmt":"2021-03-01T11:43:43","slug":"portes-techniques-hpl","status":"publish","type":"page","link":"https:\/\/grupsa.fr\/index.php\/gammes-de-produits\/portes-techniques-hpl\/","title":{"rendered":"Portes Techniques HPL"},"content":{"rendered":"<div id=\"pl-790\"  class=\"panel-layout\" ><div id=\"pg-790-0\"  class=\"panel-grid panel-no-style\" ><div id=\"pgc-790-0-0\"  class=\"panel-grid-cell\" ><div id=\"panel-790-0-0-0\" class=\"so-panel widget widget_themegrill_flash_image tg-widget tg-image-widget panel-first-child\" data-index=\"0\" >\t<img decoding=\"async\" src=\"https:\/\/grupsa.com\/wp-content\/uploads\/2020\/09\/kompak-big.jpg\" \/>\n<\/div><div id=\"panel-790-0-0-1\" class=\"so-panel widget widget_themegrill_flash_heading tg-widget section-title-wrapper\" data-index=\"1\" ><div class=\"flash_inherit_color panel-widget-style panel-widget-style-for-790-0-0-1\" >\t<h3 class=\"section-title\">Kompak System<\/h3>\n\t<div class=\"section-description\">Portes techniques HPL \u00e0 usage hospitalier<\/div>\n<\/div><\/div><div id=\"panel-790-0-0-2\" class=\"so-panel widget widget_text\" data-index=\"2\" >\t\t\t<div class=\"textwidget\"><p>Les\u00a0<strong>Portes Techniques du Kompak System<\/strong>\u00a0sont fabriqu\u00e9es en Panneau stratifi\u00e9 haute pression (HPL) avec finition antibact\u00e9rienne (selon la norme JIS Z 2801) sont adapt\u00e9es aux besoins des h\u00f4pitaux et des cliniques. Gr\u00e2ce \u00e0 leur conception compacte et \u00e0 leur polyvalence, ils peuvent \u00eatre adapt\u00e9s \u00e0 de multiples applications hospitali\u00e8res, telles que les salles de consultation, les chambres, les salles de r\u00e9veil, les laboratoires ou les zones de radiologie hospitali\u00e8re; mais aussi pour des usages au-del\u00e0 de la sant\u00e9, comme les morgues, les \u00e9coles ou les b\u00e2timents institutionnels.<\/p>\n<p>Notre gamme de portes techniques est con\u00e7ue et fabriqu\u00e9e en Espagne selon la r\u00e9glementation europ\u00e9enne, compos\u00e9e de deux feuilles de HPL avec un noyau en polyur\u00e9thane inject\u00e9 tr\u00e8s durable et r\u00e9sistant, un cadre en aluminium et une surface lisse sans moulures. Ils sont tr\u00e8s r\u00e9sistants \u00e0 l&#8217;humidit\u00e9 et aux chocs selon la norme (CTE-DB-SB AE Classe 4 &amp; UNE-EN 41955 \/ 41955-2 Classe 4), permettant un faible co\u00fbt de maintenance et une longue dur\u00e9e de vie du produit.<\/p>\n<ul>\n<li>Tr\u00e8s r\u00e9sistant aux impact selon la r\u00e9glementation europ\u00e9enne.<\/li>\n<li>Faible co\u00fbt de maintenance et longue dur\u00e9e de vie.<\/li>\n<li>Personnalisation \u00e9lev\u00e9e et large catalogue d&#8217;\u00e9l\u00e9ments optionnels, dimensions de viseur, automatisation d&#8217;ouverture et disponibilit\u00e9 pour la radiologie.<\/li>\n<\/ul>\n<p><strong>Sp\u00e9cifications techniques<\/strong><\/p>\n<ul>\n<li>Largeurs de passage libre standard de 620 \u00e0 2950 mm, avec vantaux simples, doubles ou in\u00e9gaux.<\/li>\n<li>Finitions en six couleurs standard.<\/li>\n<li>Portes ph\u00e9noliques avec charni\u00e8res dissimul\u00e9es.<\/li>\n<li>Poign\u00e9es en acier inoxydable.<\/li>\n<li>Diff\u00e9rents types de visionneuses (dimensions, forme &#8230;).<\/li>\n<li>Protection pour brancards jusqu&#8217;\u00e0 400 mm de hauteur.<\/li>\n<li>Ouverture automatique de l&#8217;op\u00e9rateur Grupsa AGB.<\/li>\n<li>Protection plomb pour salles de radiologie.<\/li>\n<li>Conception et dimensions sp\u00e9ciales sur demande.<\/li>\n<\/ul>\n<\/div>\n\t\t<\/div><div id=\"panel-790-0-0-3\" class=\"widget_text so-panel widget widget_custom_html panel-last-child\" data-index=\"3\" ><div class=\"textwidget custom-html-widget\"><a id=\"boton\" href=\"https:\/\/workdrive.zohopublic.eu\/external\/SRSjXvj1Zg-lU0Qq7\">Voir catalogue<\/a>\n<\/div><\/div><\/div><\/div><\/div>","protected":false},"excerpt":{"rendered":"<p>Les\u00a0Portes Techniques du Kompak System\u00a0sont fabriqu\u00e9es en Panneau stratifi\u00e9 haute pression (HPL) avec finition antibact\u00e9rienne (selon la norme JIS Z [&hellip;]<\/p>\n","protected":false},"author":1,"featured_media":0,"parent":801,"menu_order":4,"comment_status":"closed","ping_status":"closed","template":"","meta":{"footnotes":""},"class_list":["post-790","page","type-page","status-publish","hentry"],"yoast_head":"<!-- This site is optimized with the Yoast SEO plugin v24.9 - https:\/\/yoast.com\/wordpress\/plugins\/seo\/ -->\n<title>Portes Techniques HPL - Grupsa Doors Systems France<\/title>\n<meta name=\"description\" content=\"Les Portes Techniques du Kompak System sont fabriqu\u00e9es en HPL antibact\u00e9rienne sont adapt\u00e9es aux besoins des h\u00f4pitaux et des cliniques.\" \/>\n<meta name=\"robots\" content=\"index, follow, max-snippet:-1, max-image-preview:large, max-video-preview:-1\" \/>\n<link rel=\"canonical\" href=\"https:\/\/grupsa.fr\/index.php\/gammes-de-produits\/portes-techniques-hpl\/\" \/>\n<meta property=\"og:locale\" content=\"es_ES\" \/>\n<meta property=\"og:type\" content=\"article\" \/>\n<meta property=\"og:title\" content=\"Portes Techniques HPL - Grupsa Doors Systems France\" \/>\n<meta property=\"og:description\" content=\"Les Portes Techniques du Kompak System sont fabriqu\u00e9es en HPL antibact\u00e9rienne sont adapt\u00e9es aux besoins des h\u00f4pitaux et des cliniques.\" \/>\n<meta property=\"og:url\" content=\"https:\/\/grupsa.fr\/index.php\/gammes-de-produits\/portes-techniques-hpl\/\" \/>\n<meta property=\"og:site_name\" content=\"Grupsa Doors Systems France\" \/>\n<meta property=\"article:modified_time\" content=\"2021-03-01T11:43:43+00:00\" \/>\n<meta name=\"twitter:card\" content=\"summary_large_image\" \/>\n<meta name=\"twitter:label1\" content=\"Tiempo de lectura\" \/>\n\t<meta name=\"twitter:data1\" content=\"2 minutos\" \/>\n<script type=\"application\/ld+json\" class=\"yoast-schema-graph\">{\"@context\":\"https:\/\/schema.org\",\"@graph\":[{\"@type\":\"WebPage\",\"@id\":\"https:\/\/grupsa.fr\/index.php\/gammes-de-produits\/portes-techniques-hpl\/\",\"url\":\"https:\/\/grupsa.fr\/index.php\/gammes-de-produits\/portes-techniques-hpl\/\",\"name\":\"Portes Techniques HPL - Grupsa Doors Systems France\",\"isPartOf\":{\"@id\":\"https:\/\/grupsa.fr\/#website\"},\"datePublished\":\"2021-03-01T10:42:48+00:00\",\"dateModified\":\"2021-03-01T11:43:43+00:00\",\"description\":\"Les Portes Techniques du Kompak System sont fabriqu\u00e9es en HPL antibact\u00e9rienne sont adapt\u00e9es aux besoins des h\u00f4pitaux et des cliniques.\",\"breadcrumb\":{\"@id\":\"https:\/\/grupsa.fr\/index.php\/gammes-de-produits\/portes-techniques-hpl\/#breadcrumb\"},\"inLanguage\":\"es\",\"potentialAction\":[{\"@type\":\"ReadAction\",\"target\":[\"https:\/\/grupsa.fr\/index.php\/gammes-de-produits\/portes-techniques-hpl\/\"]}]},{\"@type\":\"BreadcrumbList\",\"@id\":\"https:\/\/grupsa.fr\/index.php\/gammes-de-produits\/portes-techniques-hpl\/#breadcrumb\",\"itemListElement\":[{\"@type\":\"ListItem\",\"position\":1,\"name\":\"Portada\",\"item\":\"https:\/\/grupsa.fr\/\"},{\"@type\":\"ListItem\",\"position\":2,\"name\":\"Gammes de produits\",\"item\":\"https:\/\/grupsa.fr\/index.php\/gammes-de-produits\/\"},{\"@type\":\"ListItem\",\"position\":3,\"name\":\"Portes Techniques HPL\"}]},{\"@type\":\"WebSite\",\"@id\":\"https:\/\/grupsa.fr\/#website\",\"url\":\"https:\/\/grupsa.fr\/\",\"name\":\"Grupsa Doors Systems France\",\"description\":\"Fabricants de syst\u00e8mes de portes tournantes, portes automatiques, portes \u00e9tanches, ICU et autres installations pour salles d&#039;op\u00e9ration et syst\u00e8mes APG \/ PSD pour bus (BRT) et moyens de transport.\",\"publisher\":{\"@id\":\"https:\/\/grupsa.fr\/#organization\"},\"potentialAction\":[{\"@type\":\"SearchAction\",\"target\":{\"@type\":\"EntryPoint\",\"urlTemplate\":\"https:\/\/grupsa.fr\/?s={search_term_string}\"},\"query-input\":{\"@type\":\"PropertyValueSpecification\",\"valueRequired\":true,\"valueName\":\"search_term_string\"}}],\"inLanguage\":\"es\"},{\"@type\":\"Organization\",\"@id\":\"https:\/\/grupsa.fr\/#organization\",\"name\":\"Grupsa Doors Systems France\",\"url\":\"https:\/\/grupsa.fr\/\",\"logo\":{\"@type\":\"ImageObject\",\"inLanguage\":\"es\",\"@id\":\"https:\/\/grupsa.fr\/#\/schema\/logo\/image\/\",\"url\":\"https:\/\/grupsa.fr\/wp-content\/uploads\/2021\/03\/cropped-cropped-Grpusa-France-e1614588878665-1-e1614595037852.png\",\"contentUrl\":\"https:\/\/grupsa.fr\/wp-content\/uploads\/2021\/03\/cropped-cropped-Grpusa-France-e1614588878665-1-e1614595037852.png\",\"width\":125,\"height\":87,\"caption\":\"Grupsa Doors Systems France\"},\"image\":{\"@id\":\"https:\/\/grupsa.fr\/#\/schema\/logo\/image\/\"}}]}<\/script>\n<!-- \/ Yoast SEO plugin. -->","yoast_head_json":{"title":"Portes Techniques HPL - Grupsa Doors Systems France","description":"Les Portes Techniques du Kompak System sont fabriqu\u00e9es en HPL antibact\u00e9rienne sont adapt\u00e9es aux besoins des h\u00f4pitaux et des cliniques.","robots":{"index":"index","follow":"follow","max-snippet":"max-snippet:-1","max-image-preview":"max-image-preview:large","max-video-preview":"max-video-preview:-1"},"canonical":"https:\/\/grupsa.fr\/index.php\/gammes-de-produits\/portes-techniques-hpl\/","og_locale":"es_ES","og_type":"article","og_title":"Portes Techniques HPL - Grupsa Doors Systems France","og_description":"Les Portes Techniques du Kompak System sont fabriqu\u00e9es en HPL antibact\u00e9rienne sont adapt\u00e9es aux besoins des h\u00f4pitaux et des cliniques.","og_url":"https:\/\/grupsa.fr\/index.php\/gammes-de-produits\/portes-techniques-hpl\/","og_site_name":"Grupsa Doors Systems France","article_modified_time":"2021-03-01T11:43:43+00:00","twitter_card":"summary_large_image","twitter_misc":{"Tiempo de lectura":"2 minutos"},"schema":{"@context":"https:\/\/schema.org","@graph":[{"@type":"WebPage","@id":"https:\/\/grupsa.fr\/index.php\/gammes-de-produits\/portes-techniques-hpl\/","url":"https:\/\/grupsa.fr\/index.php\/gammes-de-produits\/portes-techniques-hpl\/","name":"Portes Techniques HPL - Grupsa Doors Systems France","isPartOf":{"@id":"https:\/\/grupsa.fr\/#website"},"datePublished":"2021-03-01T10:42:48+00:00","dateModified":"2021-03-01T11:43:43+00:00","description":"Les Portes Techniques du Kompak System sont fabriqu\u00e9es en HPL antibact\u00e9rienne sont adapt\u00e9es aux besoins des h\u00f4pitaux et des cliniques.","breadcrumb":{"@id":"https:\/\/grupsa.fr\/index.php\/gammes-de-produits\/portes-techniques-hpl\/#breadcrumb"},"inLanguage":"es","potentialAction":[{"@type":"ReadAction","target":["https:\/\/grupsa.fr\/index.php\/gammes-de-produits\/portes-techniques-hpl\/"]}]},{"@type":"BreadcrumbList","@id":"https:\/\/grupsa.fr\/index.php\/gammes-de-produits\/portes-techniques-hpl\/#breadcrumb","itemListElement":[{"@type":"ListItem","position":1,"name":"Portada","item":"https:\/\/grupsa.fr\/"},{"@type":"ListItem","position":2,"name":"Gammes de produits","item":"https:\/\/grupsa.fr\/index.php\/gammes-de-produits\/"},{"@type":"ListItem","position":3,"name":"Portes Techniques HPL"}]},{"@type":"WebSite","@id":"https:\/\/grupsa.fr\/#website","url":"https:\/\/grupsa.fr\/","name":"Grupsa Doors Systems France","description":"Fabricants de syst\u00e8mes de portes tournantes, portes automatiques, portes \u00e9tanches, ICU et autres installations pour salles d&#039;op\u00e9ration et syst\u00e8mes APG \/ PSD pour bus (BRT) et moyens de transport.","publisher":{"@id":"https:\/\/grupsa.fr\/#organization"},"potentialAction":[{"@type":"SearchAction","target":{"@type":"EntryPoint","urlTemplate":"https:\/\/grupsa.fr\/?s={search_term_string}"},"query-input":{"@type":"PropertyValueSpecification","valueRequired":true,"valueName":"search_term_string"}}],"inLanguage":"es"},{"@type":"Organization","@id":"https:\/\/grupsa.fr\/#organization","name":"Grupsa Doors Systems France","url":"https:\/\/grupsa.fr\/","logo":{"@type":"ImageObject","inLanguage":"es","@id":"https:\/\/grupsa.fr\/#\/schema\/logo\/image\/","url":"https:\/\/grupsa.fr\/wp-content\/uploads\/2021\/03\/cropped-cropped-Grpusa-France-e1614588878665-1-e1614595037852.png","contentUrl":"https:\/\/grupsa.fr\/wp-content\/uploads\/2021\/03\/cropped-cropped-Grpusa-France-e1614588878665-1-e1614595037852.png","width":125,"height":87,"caption":"Grupsa Doors Systems France"},"image":{"@id":"https:\/\/grupsa.fr\/#\/schema\/logo\/image\/"}}]}},"_links":{"self":[{"href":"https:\/\/grupsa.fr\/index.php\/wp-json\/wp\/v2\/pages\/790","targetHints":{"allow":["GET"]}}],"collection":[{"href":"https:\/\/grupsa.fr\/index.php\/wp-json\/wp\/v2\/pages"}],"about":[{"href":"https:\/\/grupsa.fr\/index.php\/wp-json\/wp\/v2\/types\/page"}],"author":[{"embeddable":true,"href":"https:\/\/grupsa.fr\/index.php\/wp-json\/wp\/v2\/users\/1"}],"replies":[{"embeddable":true,"href":"https:\/\/grupsa.fr\/index.php\/wp-json\/wp\/v2\/comments?post=790"}],"version-history":[{"count":4,"href":"https:\/\/grupsa.fr\/index.php\/wp-json\/wp\/v2\/pages\/790\/revisions"}],"predecessor-version":[{"id":868,"href":"https:\/\/grupsa.fr\/index.php\/wp-json\/wp\/v2\/pages\/790\/revisions\/868"}],"up":[{"embeddable":true,"href":"https:\/\/grupsa.fr\/index.php\/wp-json\/wp\/v2\/pages\/801"}],"wp:attachment":[{"href":"https:\/\/grupsa.fr\/index.php\/wp-json\/wp\/v2\/media?parent=790"}],"curies":[{"name":"wp","href":"https:\/\/api.w.org\/{rel}","templated":true}]}}