{"id":1093,"date":"2022-10-18T12:08:12","date_gmt":"2022-10-18T12:08:12","guid":{"rendered":"https:\/\/grupsa.fr\/?page_id=1093"},"modified":"2022-10-18T12:08:21","modified_gmt":"2022-10-18T12:08:21","slug":"avis-juridique","status":"publish","type":"page","link":"https:\/\/grupsa.fr\/index.php\/avis-juridique\/","title":{"rendered":"Avis Juridique"},"content":{"rendered":"<p>PROPRI\u00c9TAIRE DU SITE WEB :<br \/>\nConform\u00e9ment \u00e0 l&#8217;article 10 de la loi 34\/2002, du 11 juillet, sur les services de la soci\u00e9t\u00e9 de l&#8217;information et du commerce \u00e9lectronique (ci-apr\u00e8s, \u00abLSSICE\u00bb), la propri\u00e9t\u00e9 du domaine, ainsi que de cette page web (www.grupsa. com), d\u00e9pend des soci\u00e9t\u00e9s suivantes :<\/p>\n<ul>\n<li>Raison sociale : GRUPSA GLOBAL, S.L.<\/li>\n<li>CIF : B82635905<\/li>\n<li>Inscription dans un Registre du Commerce\n<ul>\n<li>Tome: 15.235<\/li>\n<li>Livre: 0<\/li>\n<li>Folio: 61<\/li>\n<li>Page: M-255101<\/li>\n<\/ul>\n<\/li>\n<\/ul>\n<ul>\n<li>Raison sociale : GRUPO METAL SYSTEM, S.A.<\/li>\n<li>CIF : A78558897<\/li>\n<li>Inscription dans un Registre du Commerce\n<ul>\n<li>Tome: 8.490<\/li>\n<li>Livre: 3<\/li>\n<li>Folio: 56<\/li>\n<li>Page: 70.526-3<\/li>\n<\/ul>\n<\/li>\n<\/ul>\n<ul>\n<li>Raison sociale : SERVIGROUP KIRA, S.L<\/li>\n<li>CAF : B83551200<\/li>\n<li>Inscription dans un Registre du Commerce\n<ul>\n<li>Tome: 18.504<\/li>\n<li>Livre: 0<\/li>\n<li>Folio: 86<\/li>\n<li>Page: M-321530<\/li>\n<\/ul>\n<\/li>\n<\/ul>\n<ul>\n<li>Raison sociale : ROMAYO, S.A.<\/li>\n<li>CAF : A81585382<\/li>\n<li>Inscription dans un Registre du Commerce\n<ul>\n<li>Tome: 12.409<\/li>\n<li>Livre: 0<\/li>\n<li>Folio: 126<\/li>\n<li>Page: M-197326<\/li>\n<\/ul>\n<\/li>\n<\/ul>\n<p>Si\u00e8ge social commun \u00e0 toutes les soci\u00e9t\u00e9s : Ctra.M \u2013 404, Km. 20 &#8211; 28971 Gri\u00f1\u00f3n (Madrid)<\/p>\n<p>Contact:<br \/>\nT\u00e9l\u00e9phone : +34 918 140 502<br \/>\nCourriel : lopd@grupsa.com<\/p>\n","protected":false},"excerpt":{"rendered":"<p>PROPRI\u00c9TAIRE DU SITE WEB : Conform\u00e9ment \u00e0 l&#8217;article 10 de la loi 34\/2002, du 11 juillet, sur les services de [&hellip;]<\/p>\n","protected":false},"author":1,"featured_media":0,"parent":0,"menu_order":0,"comment_status":"closed","ping_status":"closed","template":"","meta":{"footnotes":""},"class_list":["post-1093","page","type-page","status-publish","hentry"],"yoast_head":"<!-- This site is optimized with the Yoast SEO plugin v24.9 - https:\/\/yoast.com\/wordpress\/plugins\/seo\/ -->\n<title>Avis Juridique - Grupsa Doors Systems France<\/title>\n<meta name=\"robots\" content=\"index, follow, max-snippet:-1, max-image-preview:large, max-video-preview:-1\" \/>\n<link rel=\"canonical\" href=\"https:\/\/grupsa.fr\/index.php\/avis-juridique\/\" \/>\n<meta property=\"og:locale\" content=\"es_ES\" \/>\n<meta property=\"og:type\" content=\"article\" \/>\n<meta property=\"og:title\" content=\"Avis Juridique - Grupsa Doors Systems France\" \/>\n<meta property=\"og:description\" content=\"PROPRI\u00c9TAIRE DU SITE WEB : Conform\u00e9ment \u00e0 l&#8217;article 10 de la loi 34\/2002, du 11 juillet, sur les services de [&hellip;]\" \/>\n<meta property=\"og:url\" content=\"https:\/\/grupsa.fr\/index.php\/avis-juridique\/\" \/>\n<meta property=\"og:site_name\" content=\"Grupsa Doors Systems France\" \/>\n<meta property=\"article:modified_time\" content=\"2022-10-18T12:08:21+00:00\" \/>\n<meta name=\"twitter:card\" content=\"summary_large_image\" \/>\n<meta name=\"twitter:label1\" content=\"Tiempo de lectura\" \/>\n\t<meta name=\"twitter:data1\" content=\"1 minuto\" \/>\n<script type=\"application\/ld+json\" class=\"yoast-schema-graph\">{\"@context\":\"https:\/\/schema.org\",\"@graph\":[{\"@type\":\"WebPage\",\"@id\":\"https:\/\/grupsa.fr\/index.php\/avis-juridique\/\",\"url\":\"https:\/\/grupsa.fr\/index.php\/avis-juridique\/\",\"name\":\"Avis Juridique - Grupsa Doors Systems France\",\"isPartOf\":{\"@id\":\"https:\/\/grupsa.fr\/#website\"},\"datePublished\":\"2022-10-18T12:08:12+00:00\",\"dateModified\":\"2022-10-18T12:08:21+00:00\",\"breadcrumb\":{\"@id\":\"https:\/\/grupsa.fr\/index.php\/avis-juridique\/#breadcrumb\"},\"inLanguage\":\"es\",\"potentialAction\":[{\"@type\":\"ReadAction\",\"target\":[\"https:\/\/grupsa.fr\/index.php\/avis-juridique\/\"]}]},{\"@type\":\"BreadcrumbList\",\"@id\":\"https:\/\/grupsa.fr\/index.php\/avis-juridique\/#breadcrumb\",\"itemListElement\":[{\"@type\":\"ListItem\",\"position\":1,\"name\":\"Portada\",\"item\":\"https:\/\/grupsa.fr\/\"},{\"@type\":\"ListItem\",\"position\":2,\"name\":\"Avis Juridique\"}]},{\"@type\":\"WebSite\",\"@id\":\"https:\/\/grupsa.fr\/#website\",\"url\":\"https:\/\/grupsa.fr\/\",\"name\":\"Grupsa Doors Systems France\",\"description\":\"Fabricants de syst\u00e8mes de portes tournantes, portes automatiques, portes \u00e9tanches, ICU et autres installations pour salles d&#039;op\u00e9ration et syst\u00e8mes APG \/ PSD pour bus (BRT) et moyens de transport.\",\"publisher\":{\"@id\":\"https:\/\/grupsa.fr\/#organization\"},\"potentialAction\":[{\"@type\":\"SearchAction\",\"target\":{\"@type\":\"EntryPoint\",\"urlTemplate\":\"https:\/\/grupsa.fr\/?s={search_term_string}\"},\"query-input\":{\"@type\":\"PropertyValueSpecification\",\"valueRequired\":true,\"valueName\":\"search_term_string\"}}],\"inLanguage\":\"es\"},{\"@type\":\"Organization\",\"@id\":\"https:\/\/grupsa.fr\/#organization\",\"name\":\"Grupsa Doors Systems France\",\"url\":\"https:\/\/grupsa.fr\/\",\"logo\":{\"@type\":\"ImageObject\",\"inLanguage\":\"es\",\"@id\":\"https:\/\/grupsa.fr\/#\/schema\/logo\/image\/\",\"url\":\"https:\/\/grupsa.fr\/wp-content\/uploads\/2021\/03\/cropped-cropped-Grpusa-France-e1614588878665-1-e1614595037852.png\",\"contentUrl\":\"https:\/\/grupsa.fr\/wp-content\/uploads\/2021\/03\/cropped-cropped-Grpusa-France-e1614588878665-1-e1614595037852.png\",\"width\":125,\"height\":87,\"caption\":\"Grupsa Doors Systems France\"},\"image\":{\"@id\":\"https:\/\/grupsa.fr\/#\/schema\/logo\/image\/\"}}]}<\/script>\n<!-- \/ Yoast SEO plugin. -->","yoast_head_json":{"title":"Avis Juridique - Grupsa Doors Systems France","robots":{"index":"index","follow":"follow","max-snippet":"max-snippet:-1","max-image-preview":"max-image-preview:large","max-video-preview":"max-video-preview:-1"},"canonical":"https:\/\/grupsa.fr\/index.php\/avis-juridique\/","og_locale":"es_ES","og_type":"article","og_title":"Avis Juridique - Grupsa Doors Systems France","og_description":"PROPRI\u00c9TAIRE DU SITE WEB : Conform\u00e9ment \u00e0 l&#8217;article 10 de la loi 34\/2002, du 11 juillet, sur les services de [&hellip;]","og_url":"https:\/\/grupsa.fr\/index.php\/avis-juridique\/","og_site_name":"Grupsa Doors Systems France","article_modified_time":"2022-10-18T12:08:21+00:00","twitter_card":"summary_large_image","twitter_misc":{"Tiempo de lectura":"1 minuto"},"schema":{"@context":"https:\/\/schema.org","@graph":[{"@type":"WebPage","@id":"https:\/\/grupsa.fr\/index.php\/avis-juridique\/","url":"https:\/\/grupsa.fr\/index.php\/avis-juridique\/","name":"Avis Juridique - Grupsa Doors Systems France","isPartOf":{"@id":"https:\/\/grupsa.fr\/#website"},"datePublished":"2022-10-18T12:08:12+00:00","dateModified":"2022-10-18T12:08:21+00:00","breadcrumb":{"@id":"https:\/\/grupsa.fr\/index.php\/avis-juridique\/#breadcrumb"},"inLanguage":"es","potentialAction":[{"@type":"ReadAction","target":["https:\/\/grupsa.fr\/index.php\/avis-juridique\/"]}]},{"@type":"BreadcrumbList","@id":"https:\/\/grupsa.fr\/index.php\/avis-juridique\/#breadcrumb","itemListElement":[{"@type":"ListItem","position":1,"name":"Portada","item":"https:\/\/grupsa.fr\/"},{"@type":"ListItem","position":2,"name":"Avis Juridique"}]},{"@type":"WebSite","@id":"https:\/\/grupsa.fr\/#website","url":"https:\/\/grupsa.fr\/","name":"Grupsa Doors Systems France","description":"Fabricants de syst\u00e8mes de portes tournantes, portes automatiques, portes \u00e9tanches, ICU et autres installations pour salles d&#039;op\u00e9ration et syst\u00e8mes APG \/ PSD pour bus (BRT) et moyens de transport.","publisher":{"@id":"https:\/\/grupsa.fr\/#organization"},"potentialAction":[{"@type":"SearchAction","target":{"@type":"EntryPoint","urlTemplate":"https:\/\/grupsa.fr\/?s={search_term_string}"},"query-input":{"@type":"PropertyValueSpecification","valueRequired":true,"valueName":"search_term_string"}}],"inLanguage":"es"},{"@type":"Organization","@id":"https:\/\/grupsa.fr\/#organization","name":"Grupsa Doors Systems France","url":"https:\/\/grupsa.fr\/","logo":{"@type":"ImageObject","inLanguage":"es","@id":"https:\/\/grupsa.fr\/#\/schema\/logo\/image\/","url":"https:\/\/grupsa.fr\/wp-content\/uploads\/2021\/03\/cropped-cropped-Grpusa-France-e1614588878665-1-e1614595037852.png","contentUrl":"https:\/\/grupsa.fr\/wp-content\/uploads\/2021\/03\/cropped-cropped-Grpusa-France-e1614588878665-1-e1614595037852.png","width":125,"height":87,"caption":"Grupsa Doors Systems France"},"image":{"@id":"https:\/\/grupsa.fr\/#\/schema\/logo\/image\/"}}]}},"_links":{"self":[{"href":"https:\/\/grupsa.fr\/index.php\/wp-json\/wp\/v2\/pages\/1093","targetHints":{"allow":["GET"]}}],"collection":[{"href":"https:\/\/grupsa.fr\/index.php\/wp-json\/wp\/v2\/pages"}],"about":[{"href":"https:\/\/grupsa.fr\/index.php\/wp-json\/wp\/v2\/types\/page"}],"author":[{"embeddable":true,"href":"https:\/\/grupsa.fr\/index.php\/wp-json\/wp\/v2\/users\/1"}],"replies":[{"embeddable":true,"href":"https:\/\/grupsa.fr\/index.php\/wp-json\/wp\/v2\/comments?post=1093"}],"version-history":[{"count":2,"href":"https:\/\/grupsa.fr\/index.php\/wp-json\/wp\/v2\/pages\/1093\/revisions"}],"predecessor-version":[{"id":1103,"href":"https:\/\/grupsa.fr\/index.php\/wp-json\/wp\/v2\/pages\/1093\/revisions\/1103"}],"wp:attachment":[{"href":"https:\/\/grupsa.fr\/index.php\/wp-json\/wp\/v2\/media?parent=1093"}],"curies":[{"name":"wp","href":"https:\/\/api.w.org\/{rel}","templated":true}]}}